{"id":21,"date":"2026-01-12T09:43:06","date_gmt":"2026-01-12T09:43:06","guid":{"rendered":"http:\/\/naturallydifferent.test\/?page_id=21"},"modified":"2026-04-06T14:48:46","modified_gmt":"2026-04-06T14:48:46","slug":"humans-circles-life-moments","status":"publish","type":"page","link":"https:\/\/naturallydifferent.eu\/it\/humans-circles-life-moments\/","title":{"rendered":"Esseri umani, Cerchi e Momenti di Vita"},"content":{"rendered":"<div class=\"wp-block-columns nopadding-y nomargin-y is-layout-flex wp-container-core-columns-is-layout-9d6595d7 wp-block-columns-is-layout-flex\">\n<div class=\"wp-block-column is-vertically-aligned-center nopadding-y nomargin-y is-layout-constrained wp-block-column-is-layout-constrained\" style=\"flex-basis:100%\">\n<div style=\"height:50px\" aria-hidden=\"true\" class=\"wp-block-spacer mobile\"><\/div>\n\n\n\n<p class=\"has-text-align-center nomargin-y has-water-color has-text-color has-link-color has-biro-script-font-family wp-elements-078aba020f9d78cb0d432586211135e8\" style=\"font-size:60px\">Esseri umani, Cerchi e Momenti di Vita<\/p>\n\n\n\n<div style=\"height:25px\" aria-hidden=\"true\" class=\"wp-block-spacer\"><\/div>\n\n\n\n<p>Ci sono momenti nella vita in cui qualcosa cambia silenziosamente dentro di noi. Quando un compleanno diventa un rito di passaggio, un anniversario una rinnovazione e un semplice incontro un cerchio di significato. Humans, Circles &amp; Life Moments esiste per onorare queste tappe fondamentali.<\/p>\n\n\n\n<blockquote class=\"wp-block-quote is-layout-flow wp-block-quote-is-layout-flow\">\n<p>Qui non organizziamo eventi. Progettiamo trasformazioni.<\/p>\n<\/blockquote>\n\n\n\n<p>Sia che si tratti di un bambino che scopre la potenza dell'immaginazione attraverso i mattoncini LEGO, di un adulto che riconnette con il proprio paesaggio emotivo attraverso l'Emotional Culture Deck, o di un gruppo che entra in profonda riflessione con LEGO\u00ae SERIOUS PLAY\u00ae, ogni esperienza \u00e8 studiata per creare una risonanza che dura ben oltre la giornata stessa.<\/p>\n\n\n\n<p>Il nostro approccio intreccia Gioco, Emozioni, Cibo, Nutrimento e Riflessione, incarnati attraverso due potenti metodologie e dieci elementi umani che coltivano creativit\u00e0, empatia, nutrimento, immersione e calore. Non parteciperai semplicemente. Ti riconoscerai, e riconoscerai gli altri, pi\u00f9 chiaramente.<\/p>\n\n\n\n<blockquote class=\"wp-block-quote is-layout-flow wp-block-quote-is-layout-flow\">\n<p>I bambini se ne vanno con fiducia nelle loro idee.<\/p>\n\n\n\n<p>Le coppie se ne vanno con un linguaggio rinnovato per l'amore.<\/p>\n\n\n\n<p>Gli amici se ne vanno con storie che sembrano sacre.<\/p>\n\n\n\n<p>Gli individui se ne vanno con una direzione e... pace.<\/p>\n<\/blockquote>\n\n\n\n<p>Dalle feste immaginarie per bambini agli anniversari significativi, dai compleanni consapevoli ai viaggi personali immersivi come Purposuit\u2122, ogni formato \u00e8 un arco attentamente guidato: identit\u00e0 esplorata, emozioni espresse, scopo chiarito, connessioni rafforzate. Semplicemente, Umani, Cerchi e Momenti di Vita.<\/p>\n\n\n\n<blockquote class=\"wp-block-quote is-layout-flow wp-block-quote-is-layout-flow\">\n<p>Spazi che sembrino intenzionali. Conversazioni che sembrino sicure. Cibo che nutre. Rituali che ristorano. Risate che guariscono.<\/p>\n<\/blockquote>\n\n\n\n<p>Selezioniamo gruppi di dimensioni intime in modo che ogni voce conti. Privilegiamo la profondit\u00e0 rispetto al rumore, la presenza rispetto alla performance. Ci\u00f2 che ricorderai non sar\u00e0 l'arredamento. Sar\u00e0 il momento in cui ti vedrai in modo diverso.<\/p>\n\n\n\n<blockquote class=\"wp-block-quote is-layout-flow wp-block-quote-is-layout-flow\">\n<p>Questi non sono partiti.<\/p>\n\n\n\n<p>Sono capitoli.<\/p>\n\n\n\n<p>E tra anni, quando guarderai indietro, non ricorderai cosa hai fatto. Ricorderai chi sei diventato... insieme.<\/p>\n<\/blockquote>\n<\/div>\n<\/div>\n\n\n\n<div style=\"height:50px\" aria-hidden=\"true\" class=\"wp-block-spacer\"><\/div>\n\n\n\n<div class=\"wp-block-cover is-light wavy-top\" style=\"min-height:65vh;aspect-ratio:unset;\"><img loading=\"lazy\" decoding=\"async\" width=\"1024\" height=\"683\" class=\"wp-block-cover__image-background wp-image-772 size-large\" alt=\"\" src=\"https:\/\/naturallydifferent.eu\/wp-content\/uploads\/2026\/01\/lego-figures-in-circle-1024x683.jpg\" data-object-fit=\"cover\" srcset=\"https:\/\/naturallydifferent.eu\/wp-content\/uploads\/2026\/01\/lego-figures-in-circle-1024x683.jpg 1024w, https:\/\/naturallydifferent.eu\/wp-content\/uploads\/2026\/01\/lego-figures-in-circle-300x200.jpg 300w, https:\/\/naturallydifferent.eu\/wp-content\/uploads\/2026\/01\/lego-figures-in-circle-768x512.jpg 768w, https:\/\/naturallydifferent.eu\/wp-content\/uploads\/2026\/01\/lego-figures-in-circle-1536x1024.jpg 1536w, https:\/\/naturallydifferent.eu\/wp-content\/uploads\/2026\/01\/lego-figures-in-circle-2048x1365.jpg 2048w, https:\/\/naturallydifferent.eu\/wp-content\/uploads\/2026\/01\/lego-figures-in-circle-18x12.jpg 18w\" sizes=\"auto, (max-width: 1024px) 100vw, 1024px\" \/><span aria-hidden=\"true\" class=\"wp-block-cover__background has-background-dim-0 has-background-dim\"><\/span><div class=\"wp-block-cover__inner-container is-layout-flow wp-block-cover-is-layout-flow\">\n<p class=\"has-text-align-center has-large-font-size\"><\/p>\n<\/div><\/div>\n\n\n\n<div class=\"wp-block-columns submenu nopadding private-offer-menu nomargin-y has-bg-alternate-background-color has-background is-layout-flex wp-container-core-columns-is-layout-9d6595d7 wp-block-columns-is-layout-flex\">\n<div class=\"wp-block-column is-layout-constrained wp-container-core-column-is-layout-48c9aa2a wp-block-column-is-layout-constrained\">\n<div style=\"height:50px\" aria-hidden=\"true\" class=\"wp-block-spacer\"><\/div>\n\n\n\n<div class=\"wp-block-columns is-not-stacked-on-mobile nopadding is-layout-flex wp-container-core-columns-is-layout-9d6595d7 wp-block-columns-is-layout-flex\">\n<div class=\"wp-block-column is-vertically-aligned-center is-layout-constrained wp-block-column-is-layout-constrained\">\n<p class=\"has-text-align-center has-biro-script-font-family has-x-large-font-size\">Clicca su un'offerta per scoprire cosa ti aspetta.<\/p>\n<\/div>\n<\/div>\n\n\n\n<div style=\"height:25px\" aria-hidden=\"true\" class=\"wp-block-spacer\"><\/div>\n\n\n\n<div class=\"wp-block-columns nopadding-y is-layout-flex wp-container-core-columns-is-layout-9d6595d7 wp-block-columns-is-layout-flex\">\n<div class=\"wp-block-column rounded is-layout-flow wp-block-column-is-layout-flow\">\n<figure class=\"wp-block-image aligncenter size-full is-resized\"><img loading=\"lazy\" decoding=\"async\" width=\"2000\" height=\"2000\" src=\"https:\/\/naturallydifferent.eu\/wp-content\/uploads\/2026\/03\/icon-kids.png\" alt=\"\" class=\"wp-image-1780\" style=\"width:auto;height:150px\" srcset=\"https:\/\/naturallydifferent.eu\/wp-content\/uploads\/2026\/03\/icon-kids.png 2000w, https:\/\/naturallydifferent.eu\/wp-content\/uploads\/2026\/03\/icon-kids-300x300.png 300w, https:\/\/naturallydifferent.eu\/wp-content\/uploads\/2026\/03\/icon-kids-1024x1024.png 1024w, https:\/\/naturallydifferent.eu\/wp-content\/uploads\/2026\/03\/icon-kids-150x150.png 150w, https:\/\/naturallydifferent.eu\/wp-content\/uploads\/2026\/03\/icon-kids-768x768.png 768w, https:\/\/naturallydifferent.eu\/wp-content\/uploads\/2026\/03\/icon-kids-1536x1536.png 1536w, https:\/\/naturallydifferent.eu\/wp-content\/uploads\/2026\/03\/icon-kids-12x12.png 12w\" sizes=\"auto, (max-width: 2000px) 100vw, 2000px\" \/><\/figure>\n\n\n\n<h2 class=\"wp-block-heading has-text-align-center title-bg\"><mark style=\"background-color:#f78da7;color:#000000\" class=\"has-inline-color\"><a href=\"https:\/\/naturallydifferent.eu\/it\/humans-circles-life-moments\/kids-zone\/\" data-type=\"page\" data-id=\"1245\">Area Bambini<\/a><\/mark><\/h2>\n\n\n\n<p class=\"has-text-align-center\"><strong><mark style=\"background-color:rgba(0, 0, 0, 0);color:#cf2e2e\" class=\"has-inline-color\">8 \u2013 14<\/mark><\/strong><\/p>\n\n\n\n<p class=\"has-text-align-center padding-sm-x has-medium-font-size\"><strong><mark style=\"background-color:rgba(0, 0, 0, 0);color:#cf2e2e\" class=\"has-inline-color\">Gioca. Divertimento senza tempo.<\/mark><\/strong><\/p>\n<\/div>\n\n\n\n<div class=\"wp-block-column rounded is-layout-flow wp-block-column-is-layout-flow\">\n<figure class=\"wp-block-image aligncenter size-full is-resized\"><img loading=\"lazy\" decoding=\"async\" width=\"2000\" height=\"2000\" src=\"https:\/\/naturallydifferent.eu\/wp-content\/uploads\/2026\/03\/icon-purposuit.png\" alt=\"\" class=\"wp-image-1779\" style=\"width:auto;height:150px\" srcset=\"https:\/\/naturallydifferent.eu\/wp-content\/uploads\/2026\/03\/icon-purposuit.png 2000w, https:\/\/naturallydifferent.eu\/wp-content\/uploads\/2026\/03\/icon-purposuit-300x300.png 300w, https:\/\/naturallydifferent.eu\/wp-content\/uploads\/2026\/03\/icon-purposuit-1024x1024.png 1024w, https:\/\/naturallydifferent.eu\/wp-content\/uploads\/2026\/03\/icon-purposuit-150x150.png 150w, https:\/\/naturallydifferent.eu\/wp-content\/uploads\/2026\/03\/icon-purposuit-768x768.png 768w, https:\/\/naturallydifferent.eu\/wp-content\/uploads\/2026\/03\/icon-purposuit-1536x1536.png 1536w, https:\/\/naturallydifferent.eu\/wp-content\/uploads\/2026\/03\/icon-purposuit-12x12.png 12w\" sizes=\"auto, (max-width: 2000px) 100vw, 2000px\" \/><\/figure>\n\n\n\n<h2 class=\"wp-block-heading has-text-align-center title-bg\"><mark style=\"background-color:#fbe8b2;color:#000000\" class=\"has-inline-color\"><a href=\"https:\/\/naturallydifferent.eu\/it\/humans-circles-life-moments\/purposuit\/\" data-type=\"page\" data-id=\"1247\"><strong>Purposuit\u2122<\/strong><\/a><\/mark><\/h2>\n\n\n\n<p class=\"has-text-align-center\"><strong><mark style=\"background-color:rgba(0, 0, 0, 0)\" class=\"has-inline-color has-fire-color\">18+<\/mark><\/strong><\/p>\n\n\n\n<p class=\"has-text-align-center padding-sm-x has-medium-font-size\"><strong><mark style=\"background-color:rgba(0, 0, 0, 0)\" class=\"has-inline-color has-fire-color\">\u00c8 in te.<\/mark><\/strong><\/p>\n<\/div>\n\n\n\n<div class=\"wp-block-column rounded is-layout-flow wp-block-column-is-layout-flow\">\n<figure class=\"wp-block-image aligncenter size-full is-resized\"><img loading=\"lazy\" decoding=\"async\" width=\"2000\" height=\"2000\" src=\"https:\/\/naturallydifferent.eu\/wp-content\/uploads\/2026\/03\/icon-cheers.png\" alt=\"\" class=\"wp-image-1781\" style=\"width:auto;height:150px\" srcset=\"https:\/\/naturallydifferent.eu\/wp-content\/uploads\/2026\/03\/icon-cheers.png 2000w, https:\/\/naturallydifferent.eu\/wp-content\/uploads\/2026\/03\/icon-cheers-300x300.png 300w, https:\/\/naturallydifferent.eu\/wp-content\/uploads\/2026\/03\/icon-cheers-1024x1024.png 1024w, https:\/\/naturallydifferent.eu\/wp-content\/uploads\/2026\/03\/icon-cheers-150x150.png 150w, https:\/\/naturallydifferent.eu\/wp-content\/uploads\/2026\/03\/icon-cheers-768x768.png 768w, https:\/\/naturallydifferent.eu\/wp-content\/uploads\/2026\/03\/icon-cheers-1536x1536.png 1536w, https:\/\/naturallydifferent.eu\/wp-content\/uploads\/2026\/03\/icon-cheers-12x12.png 12w\" sizes=\"auto, (max-width: 2000px) 100vw, 2000px\" \/><\/figure>\n\n\n\n<h2 class=\"wp-block-heading has-text-align-center title-bg\"><mark style=\"background-color:#b6c1fd;color:#000000\" class=\"has-inline-color\"><a href=\"https:\/\/naturallydifferent.eu\/it\/humans-circles-life-moments\/cheers-to-living\/\" data-type=\"page\" data-id=\"1250\">Salute alla vita<\/a><\/mark><\/h2>\n\n\n\n<p class=\"has-text-align-center\"><strong><mark style=\"background-color:rgba(0, 0, 0, 0)\" class=\"has-inline-color has-water-color\">8 \u2013 99<\/mark><\/strong><\/p>\n\n\n\n<p class=\"has-text-align-center padding-sm-x has-medium-font-size\"><strong><mark style=\"background-color:rgba(0, 0, 0, 0)\" class=\"has-inline-color has-water-color\">La vita \u00e8 qui ora.<\/mark><\/strong><\/p>\n<\/div>\n<\/div>\n<\/div>\n<\/div>\n\n\n\n<div class=\"wp-block-columns wavy-bottom has-bg-alternate-background-color has-background is-layout-flex wp-container-core-columns-is-layout-9d6595d7 wp-block-columns-is-layout-flex\">\n<div class=\"wp-block-column is-layout-constrained wp-block-column-is-layout-constrained\">\n<div style=\"height:50px\" aria-hidden=\"true\" class=\"wp-block-spacer\"><\/div>\n<\/div>\n<\/div>","protected":false},"excerpt":{"rendered":"<p>Humans, Circles &amp; Life Moments There are moments in life when something shifts quietly inside us. When a birthday becomes a rite of passage, an anniversary becomes a renewal, and a simple gathering becomes a circle of meaning. Humans, Circles &amp; Life Moments exists to honor those milestones. Here, we do not organize events. We [&hellip;]<\/p>\n","protected":false},"author":1,"featured_media":0,"parent":0,"menu_order":0,"comment_status":"closed","ping_status":"closed","template":"","meta":{"footnotes":""},"class_list":["post-21","page","type-page","status-publish","hentry"],"_links":{"self":[{"href":"https:\/\/naturallydifferent.eu\/it\/wp-json\/wp\/v2\/pages\/21","targetHints":{"allow":["GET"]}}],"collection":[{"href":"https:\/\/naturallydifferent.eu\/it\/wp-json\/wp\/v2\/pages"}],"about":[{"href":"https:\/\/naturallydifferent.eu\/it\/wp-json\/wp\/v2\/types\/page"}],"author":[{"embeddable":true,"href":"https:\/\/naturallydifferent.eu\/it\/wp-json\/wp\/v2\/users\/1"}],"replies":[{"embeddable":true,"href":"https:\/\/naturallydifferent.eu\/it\/wp-json\/wp\/v2\/comments?post=21"}],"version-history":[{"count":86,"href":"https:\/\/naturallydifferent.eu\/it\/wp-json\/wp\/v2\/pages\/21\/revisions"}],"predecessor-version":[{"id":2503,"href":"https:\/\/naturallydifferent.eu\/it\/wp-json\/wp\/v2\/pages\/21\/revisions\/2503"}],"wp:attachment":[{"href":"https:\/\/naturallydifferent.eu\/it\/wp-json\/wp\/v2\/media?parent=21"}],"curies":[{"name":"wp","href":"https:\/\/api.w.org\/{rel}","templated":true}]}}