{"id":1245,"date":"2026-02-19T11:20:18","date_gmt":"2026-02-19T11:20:18","guid":{"rendered":"http:\/\/naturallydifferent.test\/?page_id=1245"},"modified":"2026-04-14T21:03:57","modified_gmt":"2026-04-14T20:03:57","slug":"kids-zone","status":"publish","type":"page","link":"https:\/\/naturallydifferent.eu\/it\/humans-circles-life-moments\/kids-zone\/","title":{"rendered":"Area Bambini"},"content":{"rendered":"<div class=\"wp-block-columns nopadding is-layout-flex wp-container-core-columns-is-layout-9d6595d7 wp-block-columns-is-layout-flex\">\n<div class=\"wp-block-column is-layout-flow wp-block-column-is-layout-flow\">\n<div class=\"wp-block-cover is-light hero-section hero-full-height nopadding nomargin negativemargin-top-xl\" style=\"min-height:80vh;aspect-ratio:unset;\"><video class=\"wp-block-cover__video-background intrinsic-ignore\" autoplay muted loop playsinline src=\"https:\/\/naturallydifferent.eu\/wp-content\/uploads\/2026\/02\/Explore.mp4\" style=\"object-position:61% 33%\" data-object-fit=\"cover\" data-object-position=\"61% 33%\"><\/video><span aria-hidden=\"true\" class=\"wp-block-cover__background has-background-dim\" style=\"background-color:#FFF\"><\/span><div class=\"wp-block-cover__inner-container is-layout-constrained wp-block-cover-is-layout-constrained\">\n<h2 class=\"wp-block-heading has-text-align-center nomargin-y has-biro-script-font-family\" style=\"font-size:72px\"><strong>Area Bambini<\/strong><\/h2>\n\n\n\n<p class=\"has-text-align-center nomargin-y has-medium-font-size\"><strong>Gioca. Divertimento senza tempo.<\/strong><\/p>\n\n\n\n<div style=\"height:40px\" aria-hidden=\"true\" class=\"wp-block-spacer\"><\/div>\n\n\n\n<div class=\"wp-block-outermost-icon-block items-justified-center\"><a class=\"icon-container\" href=\"#intro\" style=\"width:48px;transform:rotate(0deg) scaleX(1) scaleY(1)\"><svg xmlns=\"http:\/\/www.w3.org\/2000\/svg\" viewbox=\"0 0 24 24\" aria-hidden=\"true\"><path d=\"m16.5 13.5-3.7 3.7V4h-1.5v13.2l-3.8-3.7-1 1 5.5 5.6 5.5-5.6z\"><\/path><\/svg><\/a><\/div>\n<\/div><\/div>\n<\/div>\n<\/div>\n\n\n\n<div class=\"wp-block-columns is-layout-flex wp-container-core-columns-is-layout-9d6595d7 wp-block-columns-is-layout-flex\" id=\"intro\">\n<div class=\"wp-block-column is-layout-constrained wp-block-column-is-layout-constrained\">\n<div class=\"wp-block-columns nopadding is-layout-flex wp-container-core-columns-is-layout-9d6595d7 wp-block-columns-is-layout-flex\">\n<div class=\"wp-block-column is-vertically-aligned-bottom is-layout-flow wp-block-column-is-layout-flow\" style=\"flex-basis:100%\">\n<p>Nel nostro <strong>Area Bambini<\/strong>, l'immaginazione non \u00e8 intrattenimento. \u00c8 iniziazione.<\/p>\n\n\n\n<p>Attraverso costruzioni dinamiche ispirate ai mattoncini LEGO\u00ae, i bambini non giocano e basta; progettano, narrano, collaborano e osano. Sia che gareggino con le proprie creazioni, inventino strutture audaci o creino storie mattone dopo mattone, provano l'emozione di vedere un'idea prendere vita.<\/p>\n\n\n\n<p>La fiducia cresce. Lo spirito di squadra si accende. La creativit\u00e0 trova la sua voce.<\/p>\n\n\n\n<p>Ci\u00f2 che inizia come una celebrazione finisce come un potente ricordo di \u201cHo costruito questo... e posso costruire qualsiasi cosa.\u201d<\/p>\n<\/div>\n<\/div>\n<\/div>\n<\/div>\n\n\n\n<div class=\"wp-block-columns offer-tradition wavy-top has-bg-secondary-background-color has-background is-layout-flex wp-container-core-columns-is-layout-9d6595d7 wp-block-columns-is-layout-flex\" id=\"soap-box-race\">\n<div class=\"wp-block-column is-layout-constrained wp-block-column-is-layout-constrained\">\n<div style=\"height:50px\" aria-hidden=\"true\" class=\"wp-block-spacer\"><\/div>\n\n\n\n<div class=\"wp-block-group is-content-justification-center is-nowrap is-layout-flex wp-container-core-group-is-layout-94bc23d7 wp-block-group-is-layout-flex\">\n<figure class=\"wp-block-image alignright size-full is-style-default wp-container-content-b04ba3db\"><img loading=\"lazy\" decoding=\"async\" width=\"867\" height=\"283\" src=\"https:\/\/naturallydifferent.eu\/wp-content\/uploads\/2026\/03\/soap-box.png\" alt=\"\" class=\"wp-image-1755\" style=\"object-fit:cover\" srcset=\"https:\/\/naturallydifferent.eu\/wp-content\/uploads\/2026\/03\/soap-box.png 867w, https:\/\/naturallydifferent.eu\/wp-content\/uploads\/2026\/03\/soap-box-300x98.png 300w, https:\/\/naturallydifferent.eu\/wp-content\/uploads\/2026\/03\/soap-box-768x251.png 768w, https:\/\/naturallydifferent.eu\/wp-content\/uploads\/2026\/03\/soap-box-18x6.png 18w\" sizes=\"auto, (max-width: 867px) 100vw, 867px\" \/><\/figure>\n<\/div>\n\n\n\n<div style=\"height:20px\" aria-hidden=\"true\" class=\"wp-block-spacer\"><\/div>\n\n\n\n<div class=\"wp-block-group is-content-justification-center is-nowrap is-layout-flex wp-container-core-group-is-layout-94bc23d7 wp-block-group-is-layout-flex\">\n<div class=\"wp-block-columns nopadding nomargin is-layout-flex wp-container-core-columns-is-layout-9d6595d7 wp-block-columns-is-layout-flex\">\n<div class=\"wp-block-column is-layout-flow wp-block-column-is-layout-flow\" style=\"flex-basis:100%\">\n<h1 class=\"wp-block-heading has-text-align-center nomargin-y has-vivid-red-color has-text-color has-link-color has-x-large-font-size wp-elements-ee83b5f0aa9f90d9384c5ebdace1cba0\"><strong><strong>Corsa di carretti a pedali<\/strong><\/strong> <\/h1>\n\n\n\n<div style=\"height:15px\" aria-hidden=\"true\" class=\"wp-block-spacer\"><\/div>\n\n\n\n<p class=\"has-text-align-center nomargin-y has-black-color has-text-color has-link-color has-biro-script-font-family wp-elements-f3176121a8eb582bb601a5a4acd369e8\" style=\"font-size:28px\">Spirito di squadra + Adrenalina = Puro divertimento!<\/p>\n<\/div>\n<\/div>\n<\/div>\n\n\n\n<div class=\"wp-block-columns is-layout-flex wp-container-core-columns-is-layout-9d6595d7 wp-block-columns-is-layout-flex\">\n<div class=\"wp-block-column is-layout-flow wp-block-column-is-layout-flow\" style=\"flex-basis:100%\">\n<p><strong>Pronti. Partenza. Costruite.<\/strong><\/p>\n\n\n\n<p>Nel <strong>Corsa di Soap-Box<\/strong>, giovani creatori diventano audaci inventori, designer senza paura e orgogliosi campioni delle proprie macchine da corsa. Le idee volano, i mattoncini scattano al loro posto e improvvisamente l'immaginazione prende il via. Le squadre fanno il tifo, le strategie si evolvono e lo sprint finale lungo la pista sembra un momento da campionato.<\/p>\n\n\n\n<p>\u00c8 veloce. \u00c8 rumoroso (nel senso divertente). E s\u00ec... ci saranno balli di vittoria.<\/p>\n\n\n\n<p>Per i genitori, si tratta di tre ore energizzanti di creativit\u00e0 strutturata, collaborazione e rafforzamento della fiducia in se stessi, racchiuse in un contesto esclusivo con un delizioso t\u00e8 pomeridiano incluso, un ricordo significativo da portare a casa e un abbonamento per mantenere viva la scintilla. Aggiungi una torta di compleanno per il momento culminante dell'eroe, o goditi un aperitivo italiano mentre la prossima generazione ingegnerizza la sua gloria.<\/p>\n\n\n\n<p>Avviso: i diritti di vanteria possono durare ben oltre il traguardo.<\/p>\n<\/div>\n<\/div>\n\n\n\n<div class=\"wp-block-columns rounded has-bg-alternate-background-color has-background is-layout-flex wp-container-core-columns-is-layout-9d6595d7 wp-block-columns-is-layout-flex\">\n<div class=\"wp-block-column is-layout-flow wp-block-column-is-layout-flow\" style=\"flex-basis:75%\">\n<p><strong>Prezzo fisso \u2013 <span aria-label=\"Dai 6 ai 12 bambini il prezzo \u00e8 uguale!!!\" data-tooltip-position=\"top\" class=\"inline-tooltips\">6 \u2013 12 partecipanti<\/span><\/strong><\/p>\n\n\n\n<p><strong>Servizi complementari:<\/strong><\/p>\n\n\n\n<ul class=\"wp-block-list\">\n<li>sessione di 3 ore<\/li>\n\n\n\n<li><span aria-label=\"Per tre ore, l&#039;atelier e il caff\u00e8 sono riservati a te e ai tuoi amici\" data-tooltip-position=\"top\" class=\"inline-tooltips\">Esclusivit\u00e0 di localit\u00e0<\/span><\/li>\n\n\n\n<li><span aria-label=\"Toast o Dolce, Succo, Frutta di stagione\" data-tooltip-position=\"top\" class=\"inline-tooltips\">Ora del t\u00e8<\/span><\/li>\n\n\n\n<li><span aria-label=\"1 Minifigure Lego\u00ae per ospite\" data-tooltip-position=\"top\" class=\"inline-tooltips\">Da portare a casa<\/span><\/li>\n\n\n\n<li><span aria-label=\"1 Abbonamento (sconto e eventi presso \u201cUne brick dans le ventre\u201d) del valore di 25\u20ac - valido per 1 anno\" data-tooltip-position=\"top\" class=\"inline-tooltips\">1 Adesione<\/span><\/li>\n<\/ul>\n\n\n\n<p><strong>Componenti aggiuntivi:<\/strong><\/p>\n\n\n\n<ul class=\"wp-block-list\">\n<li>Torta di compleanno<\/li>\n\n\n\n<li><span aria-label=\"Bevanda, Selezione di antipasti\" data-tooltip-position=\"top\" class=\"inline-tooltips\">Gioco per genitori + Aperitivo italiano<\/span><\/li>\n<\/ul>\n\n\n\n<p><strong>Aggiornamenti:<\/strong><\/p>\n\n\n\n<ul class=\"wp-block-list\">\n<li>1 ora extra (su disponibilit\u00e0)<\/li>\n\n\n\n<li>Consiglio culinario (focaccia, pizzette e bibite premium)<\/li>\n\n\n\n<li>Porta a casa gli amplificatori<\/li>\n<\/ul>\n\n\n\n<p><strong>Lingue:<\/strong> Inglese (facilitato dal francese)<\/p>\n\n\n\n<div style=\"height:30px\" aria-hidden=\"true\" class=\"wp-block-spacer\"><\/div>\n\n\n\n<p>A partire da prezzo fisso<br><strong>299\u20ac (IVA inclusa)<\/strong><\/p>\n\n\n\n<div class=\"wp-block-buttons is-layout-flex wp-block-buttons-is-layout-flex\">\n<div class=\"wp-block-button\"><a class=\"wp-block-button__link wp-element-button\" href=\"https:\/\/naturallydifferent.eu\/it\/contact\/\">Contattaci<\/a><\/div>\n<\/div>\n<\/div>\n<\/div>\n<\/div>\n<\/div>\n\n\n\n<div class=\"wp-block-columns wavy-bottom has-bg-accent-background-color has-background is-layout-flex wp-container-core-columns-is-layout-9d6595d7 wp-block-columns-is-layout-flex\">\n<div class=\"wp-block-column is-layout-flow wp-block-column-is-layout-flow\">\n<p class=\"has-text-align-center\"><\/p>\n<\/div>\n<\/div>\n\n\n\n<div class=\"wp-block-columns offer-tradition wavy-top is-layout-flex wp-container-core-columns-is-layout-9d6595d7 wp-block-columns-is-layout-flex\" id=\"just-build-it\">\n<div class=\"wp-block-column is-layout-constrained wp-block-column-is-layout-constrained\">\n<div style=\"height:25px\" aria-hidden=\"true\" class=\"wp-block-spacer\"><\/div>\n\n\n\n<div class=\"wp-block-group is-content-justification-center is-nowrap is-layout-flex wp-container-core-group-is-layout-94bc23d7 wp-block-group-is-layout-flex\">\n<figure class=\"wp-block-image alignright size-full is-style-default wp-container-content-b04ba3db\"><img loading=\"lazy\" decoding=\"async\" width=\"1732\" height=\"1732\" src=\"https:\/\/naturallydifferent.eu\/wp-content\/uploads\/2026\/02\/creativity.jpg\" alt=\"\" class=\"wp-image-1219\" style=\"object-fit:cover\" srcset=\"https:\/\/naturallydifferent.eu\/wp-content\/uploads\/2026\/02\/creativity.jpg 1732w, https:\/\/naturallydifferent.eu\/wp-content\/uploads\/2026\/02\/creativity-300x300.jpg 300w, https:\/\/naturallydifferent.eu\/wp-content\/uploads\/2026\/02\/creativity-1024x1024.jpg 1024w, https:\/\/naturallydifferent.eu\/wp-content\/uploads\/2026\/02\/creativity-150x150.jpg 150w, https:\/\/naturallydifferent.eu\/wp-content\/uploads\/2026\/02\/creativity-768x768.jpg 768w, https:\/\/naturallydifferent.eu\/wp-content\/uploads\/2026\/02\/creativity-1536x1536.jpg 1536w, https:\/\/naturallydifferent.eu\/wp-content\/uploads\/2026\/02\/creativity-12x12.jpg 12w\" sizes=\"auto, (max-width: 1732px) 100vw, 1732px\" \/><\/figure>\n<\/div>\n\n\n\n<div class=\"wp-block-group is-content-justification-center is-nowrap is-layout-flex wp-container-core-group-is-layout-94bc23d7 wp-block-group-is-layout-flex\">\n<div class=\"wp-block-columns nopadding nomargin is-layout-flex wp-container-core-columns-is-layout-9d6595d7 wp-block-columns-is-layout-flex\">\n<div class=\"wp-block-column is-layout-flow wp-block-column-is-layout-flow\" style=\"flex-basis:100%\">\n<h1 class=\"wp-block-heading has-text-align-center nomargin-y has-vivid-red-color has-text-color has-link-color has-x-large-font-size wp-elements-6a9894a284bdbaac8bf1ba44206c561a\"><strong>Costruiscilo e basta!<\/strong><\/h1>\n\n\n\n<div style=\"height:15px\" aria-hidden=\"true\" class=\"wp-block-spacer\"><\/div>\n\n\n\n<p class=\"has-text-align-center nomargin-y has-black-color has-text-color has-link-color has-biro-script-font-family wp-elements-729f586b2970ebb41e65667fa9dc32f5\" style=\"font-size:28px\">Sfide veloci. Idee audaci. Costruzioni epiche.<\/p>\n<\/div>\n<\/div>\n<\/div>\n\n\n\n<div class=\"wp-block-columns is-layout-flex wp-container-core-columns-is-layout-9d6595d7 wp-block-columns-is-layout-flex\">\n<div class=\"wp-block-column is-layout-flow wp-block-column-is-layout-flow\" style=\"flex-basis:100%\">\n<p>Pronto ad entrare in un mondo dove le tue idee regnano sovrane e i mattoncini diventano tutto ci\u00f2 che immagini?<\/p>\n\n\n\n<p><strong>Costruiscila e basta!<\/strong> un'avventura creativa di 3 ore ricca di sfide audaci, costruzioni veloci, missioni di memoria, colpi di scena epici e un sacco di momenti \u201cWow, hai fatto TU questo?!\u201d.<\/p>\n\n\n\n<p>Collaborerete, gareggerete (il giusto), inventerete creazioni stravaganti e vedrete i vostri progetti prendere vita in modi inaspettati.<\/p>\n\n\n\n<p>C'\u00e8 tempo per concentrarsi come un genio, tempo per ridere come matti, e tempo per costruire tutto ci\u00f2 che il tuo cervello sogna.<\/p>\n\n\n\n<p>Per 6\u201312 costruttori, l'esperienza include accesso esclusivo allo spazio, una pausa t\u00e8, una fantastica sorpresa da portare a casa e un abbonamento per mantenere vivo lo spirito della costruzione.<\/p>\n\n\n\n<p>Vuoi renderlo ancora pi\u00f9 speciale? Aggiungi una torta di compleanno e un'opportunit\u00e0 per i genitori di rilassarsi nelle vicinanze con un momento Aperitivo Italiano + Gioco (s\u00ec, anche loro si divertono).<\/p>\n\n\n\n<p>I bambini escono orgogliosi. I genitori escono impressionati.<\/p>\n\n\n\n<p>E tutti se ne vanno chiedendosi: \u201cQuando potremo ricostruire?\u201d<\/p>\n<\/div>\n<\/div>\n\n\n\n<div class=\"wp-block-columns rounded has-bg-alternate-background-color has-background is-layout-flex wp-container-core-columns-is-layout-9d6595d7 wp-block-columns-is-layout-flex\">\n<div class=\"wp-block-column is-layout-flow wp-block-column-is-layout-flow\" style=\"flex-basis:100%\">\n<p><strong>Prezzo fisso \u2013 <span aria-label=\"Dai 6 ai 12 bambini il prezzo \u00e8 uguale!!!\" data-tooltip-position=\"top\" class=\"inline-tooltips\">6 \u2013 12 partecipanti<\/span><\/strong><\/p>\n\n\n\n<p><strong>Servizi complementari:<\/strong><\/p>\n\n\n\n<ul class=\"wp-block-list\">\n<li>sessione di 3 ore<\/li>\n\n\n\n<li><span aria-label=\"Per tre ore, l&#039;atelier e il caff\u00e8 sono riservati a te e ai tuoi amici\" data-tooltip-position=\"top\" class=\"inline-tooltips\">Esclusivit\u00e0 di localit\u00e0<\/span><\/li>\n\n\n\n<li><span aria-label=\"Toast o Dolce, Succo, Frutta di stagione\" data-tooltip-position=\"top\" class=\"inline-tooltips\">Ora del t\u00e8<\/span><\/li>\n\n\n\n<li><span aria-label=\"1 Minifigure Lego\u00ae per ospite\" data-tooltip-position=\"top\" class=\"inline-tooltips\">Da portare a casa<\/span><\/li>\n\n\n\n<li><span aria-label=\"1 Abbonamento (sconto e eventi presso \u201cUne brick dans le ventre\u201d) del valore di 25\u20ac - valido per 1 anno\" data-tooltip-position=\"top\" class=\"inline-tooltips\">1 Adesione<\/span><\/li>\n<\/ul>\n\n\n\n<p><strong>Componenti aggiuntivi:<\/strong><\/p>\n\n\n\n<ul class=\"wp-block-list\">\n<li>Torta di compleanno<\/li>\n\n\n\n<li><span aria-label=\"Bevanda, Selezione di antipasti\" data-tooltip-position=\"top\" class=\"inline-tooltips\">Gioco per genitori + Aperitivo italiano<\/span><\/li>\n<\/ul>\n\n\n\n<p><strong>Aggiornamenti:<\/strong><\/p>\n\n\n\n<ul class=\"wp-block-list\">\n<li>1 ora extra (su disponibilit\u00e0)<\/li>\n\n\n\n<li>Consiglio culinario (focaccia, pizzette e bibite premium)<\/li>\n\n\n\n<li>Porta a casa gli amplificatori<\/li>\n<\/ul>\n\n\n\n<p><strong>Lingue:<\/strong> Inglese (facilitato dal francese)<\/p>\n\n\n\n<div style=\"height:30px\" aria-hidden=\"true\" class=\"wp-block-spacer\"><\/div>\n\n\n\n<p>A partire da prezzo fisso<br><strong>299\u20ac (IVA inclusa)<\/strong><\/p>\n\n\n\n<div class=\"wp-block-buttons is-layout-flex wp-block-buttons-is-layout-flex\">\n<div class=\"wp-block-button\"><a class=\"wp-block-button__link wp-element-button\" href=\"https:\/\/naturallydifferent.eu\/it\/contact\/\">Contattaci<\/a><\/div>\n<\/div>\n<\/div>\n<\/div>\n<\/div>\n<\/div>\n\n\n\n<div class=\"wp-block-columns offer-tradition wavy-top has-bg-secondary-background-color has-background is-layout-flex wp-container-core-columns-is-layout-9d6595d7 wp-block-columns-is-layout-flex\" id=\"brick-master-story-game\">\n<div class=\"wp-block-column is-layout-constrained wp-block-column-is-layout-constrained\">\n<div style=\"height:25px\" aria-hidden=\"true\" class=\"wp-block-spacer\"><\/div>\n\n\n\n<div class=\"wp-block-group is-content-justification-center is-nowrap is-layout-flex wp-container-core-group-is-layout-94bc23d7 wp-block-group-is-layout-flex\">\n<figure class=\"wp-block-image alignright size-full is-style-default wp-container-content-b04ba3db\"><img loading=\"lazy\" decoding=\"async\" width=\"650\" height=\"630\" src=\"https:\/\/naturallydifferent.eu\/wp-content\/uploads\/2026\/03\/brickmaster-transparent.png\" alt=\"\" class=\"wp-image-1757\" style=\"object-fit:cover\" srcset=\"https:\/\/naturallydifferent.eu\/wp-content\/uploads\/2026\/03\/brickmaster-transparent.png 650w, https:\/\/naturallydifferent.eu\/wp-content\/uploads\/2026\/03\/brickmaster-transparent-300x291.png 300w, https:\/\/naturallydifferent.eu\/wp-content\/uploads\/2026\/03\/brickmaster-transparent-12x12.png 12w\" sizes=\"auto, (max-width: 650px) 100vw, 650px\" \/><\/figure>\n<\/div>\n\n\n\n<div style=\"height:20px\" aria-hidden=\"true\" class=\"wp-block-spacer\"><\/div>\n\n\n\n<div class=\"wp-block-group is-content-justification-center is-nowrap is-layout-flex wp-container-core-group-is-layout-94bc23d7 wp-block-group-is-layout-flex\">\n<div class=\"wp-block-columns nopadding nomargin is-layout-flex wp-container-core-columns-is-layout-9d6595d7 wp-block-columns-is-layout-flex\">\n<div class=\"wp-block-column is-layout-flow wp-block-column-is-layout-flow\" style=\"flex-basis:100%\">\n<h1 class=\"wp-block-heading has-text-align-center nomargin-y has-vivid-red-color has-text-color has-link-color has-x-large-font-size wp-elements-c6763cdbcf1ebdfc9c442868c6c40ef7\"><strong>Storia del Maestro dei Mattoni<\/strong><\/h1>\n\n\n\n<div style=\"height:15px\" aria-hidden=\"true\" class=\"wp-block-spacer\"><\/div>\n\n\n\n<p class=\"has-text-align-center nomargin-y has-black-color has-text-color has-link-color has-biro-script-font-family wp-elements-6a157d2dce34045172270141f90dc62e\" style=\"font-size:28px\">Dove la creativit\u00e0 costruisce il mondo. E l'immaginazione lo porta in vita.<\/p>\n<\/div>\n<\/div>\n<\/div>\n\n\n\n<div class=\"wp-block-columns is-layout-flex wp-container-core-columns-is-layout-9d6595d7 wp-block-columns-is-layout-flex\">\n<div class=\"wp-block-column is-layout-flow wp-block-column-is-layout-flow\" style=\"flex-basis:100%\">\n<p>Pronto a costruire una storia che nessuno ha mai visto prima? In <strong>Storia del Maestro dei Mattoni<\/strong>, non giochi e basta... diventi il creatore della tua epica avventura. Eroi, poteri segreti, colpi di scena inaspettati... e un mondo che esiste solo perch\u00e9 l'hai immaginato tu.<\/p>\n\n\n\n<p>Per tre ore indimenticabili, da 6 a 12 maestri costruttori si immergono nella creativit\u00e0, nel lavoro di squadra e nella giusta dose di suspense drammatica. Tra risate, grandi idee e momenti di \u201caspetta... COSA?!\u201d lungo il percorso.<\/p>\n\n\n\n<p>L'esperienza include l'uso esclusivo dello spazio, una sessione completamente assistita di 3 ore, t\u00e8, una sorpresa speciale da portare a casa e un abbonamento per mantenere viva l'ispirazione.<\/p>\n\n\n\n<p>E s\u00ec, si pu\u00f2 aggiungere una torta di compleanno e un momento di Aperitivo Italiano + Gioco per i genitori (perch\u00e9 le grandi storie meritano grandi celebrazioni\u2026 anche per i grandi).<\/p>\n\n\n\n<p>I ragazzi se ne vanno sentendosi delle leggende. I genitori se ne vanno pensando: \u201c\u00c8 stato davvero significativo\u201d.\u201d<\/p>\n<\/div>\n<\/div>\n\n\n\n<div class=\"wp-block-columns rounded has-bg-alternate-background-color has-background is-layout-flex wp-container-core-columns-is-layout-9d6595d7 wp-block-columns-is-layout-flex\">\n<div class=\"wp-block-column is-layout-flow wp-block-column-is-layout-flow\" style=\"flex-basis:100%\">\n<p><strong>Prezzo fisso \u2013 <span aria-label=\"Dai 6 ai 12 bambini il prezzo \u00e8 uguale!!!\" data-tooltip-position=\"top\" class=\"inline-tooltips\">6 \u2013 12 partecipanti<\/span><\/strong><\/p>\n\n\n\n<p><strong>Servizi complementari:<\/strong><\/p>\n\n\n\n<ul class=\"wp-block-list\">\n<li>sessione di 3 ore<\/li>\n\n\n\n<li><span aria-label=\"Per tre ore, l&#039;atelier e il caff\u00e8 sono riservati a te e ai tuoi amici\" data-tooltip-position=\"top\" class=\"inline-tooltips\">Esclusivit\u00e0 di localit\u00e0<\/span><\/li>\n\n\n\n<li><span aria-label=\"Toast o Dolce, Succo, Frutta di stagione\" data-tooltip-position=\"top\" class=\"inline-tooltips\">Ora del t\u00e8<\/span><\/li>\n\n\n\n<li><span aria-label=\"1 Minifigure Lego\u00ae per ospite\" data-tooltip-position=\"top\" class=\"inline-tooltips\">Da portare a casa<\/span><\/li>\n\n\n\n<li><span aria-label=\"1 Abbonamento (sconto e eventi presso \u201cUne brick dans le ventre\u201d) del valore di 25\u20ac - valido per 1 anno\" data-tooltip-position=\"top\" class=\"inline-tooltips\">1 Adesione<\/span><\/li>\n<\/ul>\n\n\n\n<p><strong>Componenti aggiuntivi:<\/strong><\/p>\n\n\n\n<ul class=\"wp-block-list\">\n<li>Torta di compleanno<\/li>\n\n\n\n<li><span aria-label=\"Bevanda, Selezione di antipasti\" data-tooltip-position=\"top\" class=\"inline-tooltips\">Gioco per genitori + Aperitivo italiano<\/span><\/li>\n<\/ul>\n\n\n\n<p><strong>Aggiornamenti:<\/strong><\/p>\n\n\n\n<ul class=\"wp-block-list\">\n<li>1 ora extra (su disponibilit\u00e0)<\/li>\n\n\n\n<li>Consiglio culinario (focaccia, pizzette e bibite premium)<\/li>\n\n\n\n<li>Porta a casa gli amplificatori<\/li>\n<\/ul>\n\n\n\n<p><strong>Lingue:<\/strong> Inglese (facilitato dal francese)<\/p>\n\n\n\n<div style=\"height:30px\" aria-hidden=\"true\" class=\"wp-block-spacer\"><\/div>\n\n\n\n<p>A partire da prezzo fisso<br><strong>299\u20ac (IVA inclusa)<\/strong><\/p>\n\n\n\n<div class=\"wp-block-buttons is-layout-flex wp-block-buttons-is-layout-flex\">\n<div class=\"wp-block-button\"><a class=\"wp-block-button__link wp-element-button\" href=\"https:\/\/naturallydifferent.eu\/it\/contact\/\">Contattaci<\/a><\/div>\n<\/div>\n<\/div>\n<\/div>\n<\/div>\n<\/div>\n\n\n\n<div class=\"wp-block-columns wavy-bottom has-bg-accent-background-color has-background is-layout-flex wp-container-core-columns-is-layout-9d6595d7 wp-block-columns-is-layout-flex\">\n<div class=\"wp-block-column is-layout-flow wp-block-column-is-layout-flow\">\n<p class=\"has-text-align-center\"><\/p>\n<\/div>\n<\/div>","protected":false},"excerpt":{"rendered":"<p>In our Kids Zone, imagination is not entertainment. It is initiation. Through dynamic builds inspired by LEGO\u00ae bricks, children don\u2019t just play; they design, narrate, collaborate, and dare. Whether racing their own creations, inventing bold structures, or crafting stories brick by brick, they experience the thrill of seeing an idea become real. Confidence grows. Team [&hellip;]<\/p>\n","protected":false},"author":1,"featured_media":0,"parent":21,"menu_order":0,"comment_status":"closed","ping_status":"closed","template":"","meta":{"footnotes":""},"class_list":["post-1245","page","type-page","status-publish","hentry"],"_links":{"self":[{"href":"https:\/\/naturallydifferent.eu\/it\/wp-json\/wp\/v2\/pages\/1245","targetHints":{"allow":["GET"]}}],"collection":[{"href":"https:\/\/naturallydifferent.eu\/it\/wp-json\/wp\/v2\/pages"}],"about":[{"href":"https:\/\/naturallydifferent.eu\/it\/wp-json\/wp\/v2\/types\/page"}],"author":[{"embeddable":true,"href":"https:\/\/naturallydifferent.eu\/it\/wp-json\/wp\/v2\/users\/1"}],"replies":[{"embeddable":true,"href":"https:\/\/naturallydifferent.eu\/it\/wp-json\/wp\/v2\/comments?post=1245"}],"version-history":[{"count":140,"href":"https:\/\/naturallydifferent.eu\/it\/wp-json\/wp\/v2\/pages\/1245\/revisions"}],"predecessor-version":[{"id":2602,"href":"https:\/\/naturallydifferent.eu\/it\/wp-json\/wp\/v2\/pages\/1245\/revisions\/2602"}],"up":[{"embeddable":true,"href":"https:\/\/naturallydifferent.eu\/it\/wp-json\/wp\/v2\/pages\/21"}],"wp:attachment":[{"href":"https:\/\/naturallydifferent.eu\/it\/wp-json\/wp\/v2\/media?parent=1245"}],"curies":[{"name":"wp","href":"https:\/\/api.w.org\/{rel}","templated":true}]}}