{"id":2204,"date":"2026-03-25T10:39:28","date_gmt":"2026-03-25T10:39:28","guid":{"rendered":"https:\/\/naturallydifferent.test\/?page_id=2204"},"modified":"2026-03-30T12:06:46","modified_gmt":"2026-03-30T12:06:46","slug":"vocabulary","status":"publish","type":"page","link":"https:\/\/naturallydifferent.eu\/fr\/why-how\/vocabulary\/","title":{"rendered":"Vocabulaire"},"content":{"rendered":"<div class=\"wp-block-columns is-layout-flex wp-container-core-columns-is-layout-9d6595d7 wp-block-columns-is-layout-flex\">\n<div class=\"wp-block-column text-page is-layout-constrained wp-block-column-is-layout-constrained\">\n<div style=\"height:75px\" aria-hidden=\"true\" class=\"wp-block-spacer mobile\"><\/div>\n\n\n\n<h1 class=\"wp-block-heading has-text-align-center\"><strong>Le lexique NaturallyDifferent<\/strong><\/h1>\n\n\n\n<p class=\"has-text-align-center\">Les mots qui fa\u00e7onnent notre approche<\/p>\n\n\n\n<div style=\"height:15px\" aria-hidden=\"true\" class=\"wp-block-spacer\"><\/div>\n\n\n\n<p>Chaque pratique d\u00e9veloppe son propre langage.<\/p>\n\n\n\n<p>Chez NaturallyDifferent, certains mots portent un sens qui d\u00e9passe leur usage courant. Ils d\u00e9crivent la mani\u00e8re dont nous abordons la r\u00e9flexion, le dialogue et la qu\u00eate de sens.<\/p>\n\n\n\n<p>Ce lexique offre un aper\u00e7u du vocabulaire qui structure nos exp\u00e9riences.<\/p>\n\n\n\n<h3 class=\"wp-block-heading\"><strong>(Le) Jeu<\/strong><\/h3>\n\n\n\n<p>Le jeu n\u2019est pas l\u2019oppos\u00e9 du s\u00e9rieux. Il est l\u2019oppos\u00e9 de la rigidit\u00e9.<\/p>\n\n\n\n<p>\u00c0 travers l\u2019exploration ludique, de nouvelles perspectives \u00e9mergent, l\u00e0 o\u00f9 les \u00e9changes structur\u00e9s atteignent parfois leurs limites. Le jeu permet aux id\u00e9es de prendre forme \u00e0 travers la construction, le r\u00e9cit et l\u2019imaginaire.<\/p>\n\n\n\n<p>Dans nos exp\u00e9riences, le jeu devient un chemin vers la compr\u00e9hension.<\/p>\n\n\n\n<h3 class=\"wp-block-heading\"><strong>\u00c9motion<\/strong><\/h3>\n\n\n\n<p>Les \u00e9motions sont des signaux qui r\u00e9v\u00e8lent ce qui compte.<\/p>\n\n\n\n<p>Plut\u00f4t que de les contenir, nous invitons \u00e0 les explorer avec conscience et respect. Lorsqu\u2019elles sont reconnues, les conversations gagnent en profondeur, en sinc\u00e9rit\u00e9 et en port\u00e9e.<\/p>\n\n\n\n<p>L\u2019\u00e9motion n\u2019est pas une distraction de la clart\u00e9. Elle en est l\u2019une des sources.<\/p>\n\n\n\n<h3 class=\"wp-block-heading\"><strong>(La) R\u00e9flexion<\/strong><\/h3>\n\n\n\n<p>La r\u00e9flexion consiste \u00e0 s\u2019arr\u00eater suffisamment longtemps pour voir autrement.<\/p>\n\n\n\n<p>Dans un monde qui valorise la vitesse et l\u2019action continue, elle cr\u00e9e l\u2019espace dans lequel la compr\u00e9hension peut \u00e9merger.<\/p>\n\n\n\n<p>Nombre de nos exp\u00e9riences commencent non par l\u2019action, mais par la r\u00e9flexion.<\/p>\n\n\n\n<p>Car les prises de conscience naissent souvent dans le calme.<\/p>\n\n\n\n<h3 class=\"wp-block-heading\"><strong>Convivium<\/strong><\/h3>\n\n\n\n<p>Le convivium d\u00e9signe l\u2019acte de se rassembler autour de la nourriture dans un esprit de lien.<\/p>\n\n\n\n<p>Depuis toujours, les conversations les plus significatives se d\u00e9roulent autour d\u2019une table partag\u00e9e.<\/p>\n\n\n\n<p>Dans nos exp\u00e9riences, la nourriture n\u2019est pas un accessoire. Elle fait partie de l\u2019environnement qui favorise la pr\u00e9sence, le dialogue et la connexion humaine.<\/p>\n\n\n\n<h3 class=\"wp-block-heading\"><strong>Accord \u00e9motionnel<\/strong><\/h3>\n\n\n\n<p>L\u2019Accord \u00c9motionnel est un moment d\u2019alignement collectif.<\/p>\n\n\n\n<p>Les participants explorent les \u00e9motions qu\u2019ils souhaitent cultiver et celles qu\u2019ils choisissent de laisser de c\u00f4t\u00e9.<\/p>\n\n\n\n<p>Plut\u00f4t que de d\u00e9finir la culture \u00e0 travers des r\u00e8gles ou des valeurs, l\u2019Accord \u00c9motionnel invite \u00e0 concevoir l\u2019atmosph\u00e8re \u00e9motionnelle dans laquelle un groupe souhaite \u00e9voluer.<\/p>\n\n\n\n<h3 class=\"wp-block-heading\"><strong>Prosper<\/strong><\/h3>\n\n\n\n<p>Prosp\u00e9rer ne signifie pas seulement cro\u00eetre. Cela signifie cro\u00eetre avec sens.<\/p>\n\n\n\n<p>Le parcours Prosper invite leaders et \u00e9quipes \u00e0 prendre du recul face \u00e0 l\u2019urgence op\u00e9rationnelle pour r\u00e9fl\u00e9chir \u00e0 la direction profonde de leur organisation.<\/p>\n\n\n\n<p>La prosp\u00e9rit\u00e9, dans ce sens, inclut la clart\u00e9, l\u2019alignement et l\u2019\u00e9panouissement humain.<\/p>\n\n\n\n<h3 class=\"wp-block-heading\"><strong>Salle de situation<\/strong><\/h3>\n\n\n\n<p>La Situation Room est un environnement d\u00e9di\u00e9 \u00e0 la r\u00e9flexion strat\u00e9gique.<\/p>\n\n\n\n<p>Elle offre un espace prot\u00e9g\u00e9 o\u00f9 les \u00e9quipes dirigeantes peuvent confronter la complexit\u00e9, questionner leurs hypoth\u00e8ses et concevoir des trajectoires futures.<\/p>\n\n\n\n<p>\u00c0 distance des pressions op\u00e9rationnelles, elle permet de penser plus clairement \u00e0 ce qui compte r\u00e9ellement.<\/p>\n\n\n\n<h3 class=\"wp-block-heading\"><strong>Purposuit\u2122<\/strong><\/h3>\n\n\n\n<p>Purposuit unit deux notions fondamentales : le sens et la poursuite.<\/p>\n\n\n\n<p>C\u2019est un chemin de d\u00e9couverte des motivations profondes qui orientent une vie et des actions.<\/p>\n\n\n\n<p>\u00c0 travers la r\u00e9flexion, le dialogue et des exp\u00e9riences immersives, les participants se reconnectent \u00e0 l\u2019essence de leur \u00ab pourquoi \u00bb.<\/p>\n\n\n\n<p>Purposuit ne cherche pas une r\u00e9ponse unique. Il initie un chemin plus intentionnel.<\/p>\n\n\n\n<h3 class=\"wp-block-heading\"><strong>Nurture (Soin)<\/strong><\/h3>\n\n\n\n<p>La croissance ne se produit pas en isolation. Elle n\u00e9cessite des environnements qui soutiennent l\u2019\u00e9nergie, la clart\u00e9 et le bien-\u00eatre.<\/p>\n\n\n\n<p>Les exp\u00e9riences NaturallyDifferent int\u00e8grent des \u00e9l\u00e9ments qui nourrissent \u00e0 la fois l\u2019esprit et le corps : une alimentation de qualit\u00e9, des environnements r\u00e9g\u00e9n\u00e9rants et des temps de r\u00e9flexion.<\/p>\n\n\n\n<p>Le langage fa\u00e7onne notre mani\u00e8re de comprendre le monde.\nEn choisissant nos mots avec soin, nous choisissons aussi la mani\u00e8re dont nous explorons les id\u00e9es, les relations et les possibles.<\/p>\n\n\n\n<p class=\"has-text-align-center\"><em>Parfois, un seul mot suffit \u00e0 ouvrir une conversation enti\u00e8rement nouvelle.<\/em><\/p>\n\n\n\n<div style=\"height:30px\" aria-hidden=\"true\" class=\"wp-block-spacer\"><\/div>\n\n\n\n<h2 class=\"wp-block-heading has-text-align-center title-bg btn-visionary has-medium-font-size\"><a href=\"https:\/\/naturallydifferent.eu\/fr\/why-how\/#why\"><mark style=\"background-color:#404040\" class=\"has-inline-color has-bg-alternate-color\">retour<\/mark><\/a><\/h2>\n<\/div>\n<\/div>","protected":false},"excerpt":{"rendered":"<p>The NaturallyDifferent Lexicon Words That Shape Our Work Every practice develops its own language. At NaturallyDifferent, certain words carry meanings that go beyond their everyday use. They describe how we approach reflection, dialogue, and the pursuit of purpose. This lexicon offers a glimpse into the vocabulary that shapes our experiences. Play Play is not the [&hellip;]<\/p>\n","protected":false},"author":1,"featured_media":0,"parent":23,"menu_order":0,"comment_status":"closed","ping_status":"closed","template":"","meta":{"footnotes":""},"class_list":["post-2204","page","type-page","status-publish","hentry"],"_links":{"self":[{"href":"https:\/\/naturallydifferent.eu\/fr\/wp-json\/wp\/v2\/pages\/2204","targetHints":{"allow":["GET"]}}],"collection":[{"href":"https:\/\/naturallydifferent.eu\/fr\/wp-json\/wp\/v2\/pages"}],"about":[{"href":"https:\/\/naturallydifferent.eu\/fr\/wp-json\/wp\/v2\/types\/page"}],"author":[{"embeddable":true,"href":"https:\/\/naturallydifferent.eu\/fr\/wp-json\/wp\/v2\/users\/1"}],"replies":[{"embeddable":true,"href":"https:\/\/naturallydifferent.eu\/fr\/wp-json\/wp\/v2\/comments?post=2204"}],"version-history":[{"count":7,"href":"https:\/\/naturallydifferent.eu\/fr\/wp-json\/wp\/v2\/pages\/2204\/revisions"}],"predecessor-version":[{"id":2463,"href":"https:\/\/naturallydifferent.eu\/fr\/wp-json\/wp\/v2\/pages\/2204\/revisions\/2463"}],"up":[{"embeddable":true,"href":"https:\/\/naturallydifferent.eu\/fr\/wp-json\/wp\/v2\/pages\/23"}],"wp:attachment":[{"href":"https:\/\/naturallydifferent.eu\/fr\/wp-json\/wp\/v2\/media?parent=2204"}],"curies":[{"name":"wp","href":"https:\/\/api.w.org\/{rel}","templated":true}]}}