{"id":21,"date":"2026-01-12T09:43:06","date_gmt":"2026-01-12T09:43:06","guid":{"rendered":"http:\/\/naturallydifferent.test\/?page_id=21"},"modified":"2026-04-06T14:48:46","modified_gmt":"2026-04-06T14:48:46","slug":"humans-circles-life-moments","status":"publish","type":"page","link":"https:\/\/naturallydifferent.eu\/fr\/humans-circles-life-moments\/","title":{"rendered":"Humains, Cercles et Moments de Vie"},"content":{"rendered":"<div class=\"wp-block-columns nopadding-y nomargin-y is-layout-flex wp-container-core-columns-is-layout-9d6595d7 wp-block-columns-is-layout-flex\">\n<div class=\"wp-block-column is-vertically-aligned-center nopadding-y nomargin-y is-layout-constrained wp-block-column-is-layout-constrained\" style=\"flex-basis:100%\">\n<div style=\"height:50px\" aria-hidden=\"true\" class=\"wp-block-spacer mobile\"><\/div>\n\n\n\n<p class=\"has-text-align-center nomargin-y has-water-color has-text-color has-link-color has-biro-script-font-family wp-elements-078aba020f9d78cb0d432586211135e8\" style=\"font-size:60px\">Humains, Cercles et Moments de Vie<\/p>\n\n\n\n<div style=\"height:25px\" aria-hidden=\"true\" class=\"wp-block-spacer\"><\/div>\n\n\n\n<p>Il existe des moments dans la vie o\u00f9 quelque chose bascule silencieusement en nous. O\u00f9 un anniversaire devient un rite de passage, o\u00f9 une c\u00e9l\u00e9bration devient un renouveau, et o\u00f9 une simple rencontre devient un cercle de sens. Humans, Circles &amp; Life Moments existe pour honorer ces jalons.<\/p>\n\n\n\n<blockquote class=\"wp-block-quote is-layout-flow wp-block-quote-is-layout-flow\">\n<p>Ici, nous n\u2019organisons pas des \u00e9v\u00e9nements. Nous concevons des transformations.<\/p>\n<\/blockquote>\n\n\n\n<p>Qu\u2019il s\u2019agisse d\u2019un enfant d\u00e9couvrant la puissance de l\u2019imaginaire \u00e0 travers les briques LEGO, d\u2019un adulte se reconnectant \u00e0 son paysage \u00e9motionnel gr\u00e2ce \u00e0 l\u2019Emotional Culture Deck, ou d\u2019un groupe entrant dans une r\u00e9flexion profonde avec LEGO\u00ae SERIOUS PLAY\u00ae, chaque exp\u00e9rience est con\u00e7ue pour cr\u00e9er une r\u00e9sonance qui perdure bien au-del\u00e0 de l\u2019instant.<\/p>\n\n\n\n<p>Notre approche tisse ensemble le Jeu, les \u00c9motions, la Nourriture, le Soin et la R\u00e9flexion, incarn\u00e9s \u00e0 travers deux m\u00e9thodologies puissantes et dix dimensions humaines qui cultivent cr\u00e9ativit\u00e9, empathie, vitalit\u00e9, immersion et chaleur. Vous ne vous contenterez pas de participer. Vous vous reconna\u00eetrez , vous-m\u00eame, et les autres, avec plus de clart\u00e9.<\/p>\n\n\n\n<blockquote class=\"wp-block-quote is-layout-flow wp-block-quote-is-layout-flow\">\n<p>Les enfants repartent avec confiance en leurs id\u00e9es.<\/p>\n\n\n\n<p>Les couples repartent avec un langage renouvel\u00e9 pour l\u2019amour.<\/p>\n\n\n\n<p>Les amis repartent avec des histoires qui prennent une valeur presque sacr\u00e9e.<\/p>\n\n\n\n<p>Les individus repartent avec une direction et\u2026 une forme de paix.<\/p>\n<\/blockquote>\n\n\n\n<p>Des c\u00e9l\u00e9brations imaginatives pour les enfants aux anniversaires porteurs de sens, des anniversaires v\u00e9cus en conscience aux parcours personnels immersifs tels que Purposuit\u2122, chaque format est un arc soigneusement guid\u00e9 : l\u2019identit\u00e9 explor\u00e9e, les \u00e9motions exprim\u00e9es, le sens clarifi\u00e9, les liens renforc\u00e9s. En toute simplicit\u00e9 : Humans, Circles &amp; Life Moments.<\/p>\n\n\n\n<blockquote class=\"wp-block-quote is-layout-flow wp-block-quote-is-layout-flow\">\n<p>Attendez-vous \u00e0 des espaces pens\u00e9s avec intention. Des conversations en s\u00e9curit\u00e9. Une nourriture qui nourrit. Des rituels qui r\u00e9g\u00e9n\u00e8rent. Des rires qui r\u00e9parent.<\/p>\n<\/blockquote>\n\n\n\n<p>Nous privil\u00e9gions des formats en petits groupes pour que chaque voix compte. Nous choisissons la profondeur plut\u00f4t que le bruit, la pr\u00e9sence plut\u00f4t que la performance. Ce que vous retiendrez ne sera pas le d\u00e9cor, mais le moment o\u00f9 vous vous \u00eates vu autrement.<\/p>\n\n\n\n<blockquote class=\"wp-block-quote is-layout-flow wp-block-quote-is-layout-flow\">\n<p>Ce ne sont pas des \u00e9v\u00e9nements.<\/p>\n\n\n\n<p>Ce sont des chapitres.<\/p>\n\n\n\n<p>Et dans quelques ann\u00e9es, en regardant en arri\u00e8re, vous ne vous souviendrez pas de ce que vous avez fait. Vous vous souviendrez de qui vous \u00eates devenus\u2026 ensemble.<\/p>\n<\/blockquote>\n<\/div>\n<\/div>\n\n\n\n<div style=\"height:50px\" aria-hidden=\"true\" class=\"wp-block-spacer\"><\/div>\n\n\n\n<div class=\"wp-block-cover is-light wavy-top\" style=\"min-height:65vh;aspect-ratio:unset;\"><img loading=\"lazy\" decoding=\"async\" width=\"1024\" height=\"683\" class=\"wp-block-cover__image-background wp-image-772 size-large\" alt=\"\" src=\"https:\/\/naturallydifferent.eu\/wp-content\/uploads\/2026\/01\/lego-figures-in-circle-1024x683.jpg\" data-object-fit=\"cover\" srcset=\"https:\/\/naturallydifferent.eu\/wp-content\/uploads\/2026\/01\/lego-figures-in-circle-1024x683.jpg 1024w, https:\/\/naturallydifferent.eu\/wp-content\/uploads\/2026\/01\/lego-figures-in-circle-300x200.jpg 300w, https:\/\/naturallydifferent.eu\/wp-content\/uploads\/2026\/01\/lego-figures-in-circle-768x512.jpg 768w, https:\/\/naturallydifferent.eu\/wp-content\/uploads\/2026\/01\/lego-figures-in-circle-1536x1024.jpg 1536w, https:\/\/naturallydifferent.eu\/wp-content\/uploads\/2026\/01\/lego-figures-in-circle-2048x1365.jpg 2048w, https:\/\/naturallydifferent.eu\/wp-content\/uploads\/2026\/01\/lego-figures-in-circle-18x12.jpg 18w\" sizes=\"auto, (max-width: 1024px) 100vw, 1024px\" \/><span aria-hidden=\"true\" class=\"wp-block-cover__background has-background-dim-0 has-background-dim\"><\/span><div class=\"wp-block-cover__inner-container is-layout-flow wp-block-cover-is-layout-flow\">\n<p class=\"has-text-align-center has-large-font-size\"><\/p>\n<\/div><\/div>\n\n\n\n<div class=\"wp-block-columns submenu nopadding private-offer-menu nomargin-y has-bg-alternate-background-color has-background is-layout-flex wp-container-core-columns-is-layout-9d6595d7 wp-block-columns-is-layout-flex\">\n<div class=\"wp-block-column is-layout-constrained wp-container-core-column-is-layout-48c9aa2a wp-block-column-is-layout-constrained\">\n<div style=\"height:50px\" aria-hidden=\"true\" class=\"wp-block-spacer\"><\/div>\n\n\n\n<div class=\"wp-block-columns is-not-stacked-on-mobile nopadding is-layout-flex wp-container-core-columns-is-layout-9d6595d7 wp-block-columns-is-layout-flex\">\n<div class=\"wp-block-column is-vertically-aligned-center is-layout-constrained wp-block-column-is-layout-constrained\">\n<p class=\"has-text-align-center has-biro-script-font-family has-x-large-font-size\">S\u00e9lectionnez une offre pour d\u00e9couvrir ce qui vous attend.<\/p>\n<\/div>\n<\/div>\n\n\n\n<div style=\"height:25px\" aria-hidden=\"true\" class=\"wp-block-spacer\"><\/div>\n\n\n\n<div class=\"wp-block-columns nopadding-y is-layout-flex wp-container-core-columns-is-layout-9d6595d7 wp-block-columns-is-layout-flex\">\n<div class=\"wp-block-column rounded is-layout-flow wp-block-column-is-layout-flow\">\n<figure class=\"wp-block-image aligncenter size-full is-resized\"><img loading=\"lazy\" decoding=\"async\" width=\"2000\" height=\"2000\" src=\"https:\/\/naturallydifferent.eu\/wp-content\/uploads\/2026\/03\/icon-kids.png\" alt=\"\" class=\"wp-image-1780\" style=\"width:auto;height:150px\" srcset=\"https:\/\/naturallydifferent.eu\/wp-content\/uploads\/2026\/03\/icon-kids.png 2000w, https:\/\/naturallydifferent.eu\/wp-content\/uploads\/2026\/03\/icon-kids-300x300.png 300w, https:\/\/naturallydifferent.eu\/wp-content\/uploads\/2026\/03\/icon-kids-1024x1024.png 1024w, https:\/\/naturallydifferent.eu\/wp-content\/uploads\/2026\/03\/icon-kids-150x150.png 150w, https:\/\/naturallydifferent.eu\/wp-content\/uploads\/2026\/03\/icon-kids-768x768.png 768w, https:\/\/naturallydifferent.eu\/wp-content\/uploads\/2026\/03\/icon-kids-1536x1536.png 1536w, https:\/\/naturallydifferent.eu\/wp-content\/uploads\/2026\/03\/icon-kids-12x12.png 12w\" sizes=\"auto, (max-width: 2000px) 100vw, 2000px\" \/><\/figure>\n\n\n\n<h2 class=\"wp-block-heading has-text-align-center title-bg\"><mark style=\"background-color:#f78da7;color:#000000\" class=\"has-inline-color\"><a href=\"https:\/\/naturallydifferent.eu\/fr\/humans-circles-life-moments\/kids-zone\/\" data-type=\"page\" data-id=\"1245\">Kids Zone<\/a><\/mark><\/h2>\n\n\n\n<p class=\"has-text-align-center\"><strong><mark style=\"background-color:rgba(0, 0, 0, 0);color:#cf2e2e\" class=\"has-inline-color\">8 \u2013 14<\/mark><\/strong><\/p>\n\n\n\n<p class=\"has-text-align-center padding-sm-x has-medium-font-size\"><strong><mark style=\"background-color:rgba(0, 0, 0, 0);color:#cf2e2e\" class=\"has-inline-color\">Le jeu. Un plaisir intemporel.<\/mark><\/strong><\/p>\n<\/div>\n\n\n\n<div class=\"wp-block-column rounded is-layout-flow wp-block-column-is-layout-flow\">\n<figure class=\"wp-block-image aligncenter size-full is-resized\"><img loading=\"lazy\" decoding=\"async\" width=\"2000\" height=\"2000\" src=\"https:\/\/naturallydifferent.eu\/wp-content\/uploads\/2026\/03\/icon-purposuit.png\" alt=\"\" class=\"wp-image-1779\" style=\"width:auto;height:150px\" srcset=\"https:\/\/naturallydifferent.eu\/wp-content\/uploads\/2026\/03\/icon-purposuit.png 2000w, https:\/\/naturallydifferent.eu\/wp-content\/uploads\/2026\/03\/icon-purposuit-300x300.png 300w, https:\/\/naturallydifferent.eu\/wp-content\/uploads\/2026\/03\/icon-purposuit-1024x1024.png 1024w, https:\/\/naturallydifferent.eu\/wp-content\/uploads\/2026\/03\/icon-purposuit-150x150.png 150w, https:\/\/naturallydifferent.eu\/wp-content\/uploads\/2026\/03\/icon-purposuit-768x768.png 768w, https:\/\/naturallydifferent.eu\/wp-content\/uploads\/2026\/03\/icon-purposuit-1536x1536.png 1536w, https:\/\/naturallydifferent.eu\/wp-content\/uploads\/2026\/03\/icon-purposuit-12x12.png 12w\" sizes=\"auto, (max-width: 2000px) 100vw, 2000px\" \/><\/figure>\n\n\n\n<h2 class=\"wp-block-heading has-text-align-center title-bg\"><mark style=\"background-color:#fbe8b2;color:#000000\" class=\"has-inline-color\"><a href=\"https:\/\/naturallydifferent.eu\/fr\/humans-circles-life-moments\/purposuit\/\" data-type=\"page\" data-id=\"1247\"><strong>Purposuit\u2122<\/strong><\/a><\/mark><\/h2>\n\n\n\n<p class=\"has-text-align-center\"><strong><mark style=\"background-color:rgba(0, 0, 0, 0)\" class=\"has-inline-color has-fire-color\">18+<\/mark><\/strong><\/p>\n\n\n\n<p class=\"has-text-align-center padding-sm-x has-medium-font-size\"><strong><mark style=\"background-color:rgba(0, 0, 0, 0)\" class=\"has-inline-color has-fire-color\">C\u2019est en vous.<\/mark><\/strong><\/p>\n<\/div>\n\n\n\n<div class=\"wp-block-column rounded is-layout-flow wp-block-column-is-layout-flow\">\n<figure class=\"wp-block-image aligncenter size-full is-resized\"><img loading=\"lazy\" decoding=\"async\" width=\"2000\" height=\"2000\" src=\"https:\/\/naturallydifferent.eu\/wp-content\/uploads\/2026\/03\/icon-cheers.png\" alt=\"\" class=\"wp-image-1781\" style=\"width:auto;height:150px\" srcset=\"https:\/\/naturallydifferent.eu\/wp-content\/uploads\/2026\/03\/icon-cheers.png 2000w, https:\/\/naturallydifferent.eu\/wp-content\/uploads\/2026\/03\/icon-cheers-300x300.png 300w, https:\/\/naturallydifferent.eu\/wp-content\/uploads\/2026\/03\/icon-cheers-1024x1024.png 1024w, https:\/\/naturallydifferent.eu\/wp-content\/uploads\/2026\/03\/icon-cheers-150x150.png 150w, https:\/\/naturallydifferent.eu\/wp-content\/uploads\/2026\/03\/icon-cheers-768x768.png 768w, https:\/\/naturallydifferent.eu\/wp-content\/uploads\/2026\/03\/icon-cheers-1536x1536.png 1536w, https:\/\/naturallydifferent.eu\/wp-content\/uploads\/2026\/03\/icon-cheers-12x12.png 12w\" sizes=\"auto, (max-width: 2000px) 100vw, 2000px\" \/><\/figure>\n\n\n\n<h2 class=\"wp-block-heading has-text-align-center title-bg\"><mark style=\"background-color:#b6c1fd;color:#000000\" class=\"has-inline-color\"><a href=\"https:\/\/naturallydifferent.eu\/fr\/humans-circles-life-moments\/cheers-to-living\/\" data-type=\"page\" data-id=\"1250\">Sant\u00e9 \u00e0 la vie<\/a><\/mark><\/h2>\n\n\n\n<p class=\"has-text-align-center\"><strong><mark style=\"background-color:rgba(0, 0, 0, 0)\" class=\"has-inline-color has-water-color\">8 \u2013 99<\/mark><\/strong><\/p>\n\n\n\n<p class=\"has-text-align-center padding-sm-x has-medium-font-size\"><strong><mark style=\"background-color:rgba(0, 0, 0, 0)\" class=\"has-inline-color has-water-color\">La vie est ici, maintenant.<\/mark><\/strong><\/p>\n<\/div>\n<\/div>\n<\/div>\n<\/div>\n\n\n\n<div class=\"wp-block-columns wavy-bottom has-bg-alternate-background-color has-background is-layout-flex wp-container-core-columns-is-layout-9d6595d7 wp-block-columns-is-layout-flex\">\n<div class=\"wp-block-column is-layout-constrained wp-block-column-is-layout-constrained\">\n<div style=\"height:50px\" aria-hidden=\"true\" class=\"wp-block-spacer\"><\/div>\n<\/div>\n<\/div>","protected":false},"excerpt":{"rendered":"<p>Humans, Circles &amp; Life Moments There are moments in life when something shifts quietly inside us. When a birthday becomes a rite of passage, an anniversary becomes a renewal, and a simple gathering becomes a circle of meaning. Humans, Circles &amp; Life Moments exists to honor those milestones. Here, we do not organize events. We [&hellip;]<\/p>\n","protected":false},"author":1,"featured_media":0,"parent":0,"menu_order":0,"comment_status":"closed","ping_status":"closed","template":"","meta":{"footnotes":""},"class_list":["post-21","page","type-page","status-publish","hentry"],"_links":{"self":[{"href":"https:\/\/naturallydifferent.eu\/fr\/wp-json\/wp\/v2\/pages\/21","targetHints":{"allow":["GET"]}}],"collection":[{"href":"https:\/\/naturallydifferent.eu\/fr\/wp-json\/wp\/v2\/pages"}],"about":[{"href":"https:\/\/naturallydifferent.eu\/fr\/wp-json\/wp\/v2\/types\/page"}],"author":[{"embeddable":true,"href":"https:\/\/naturallydifferent.eu\/fr\/wp-json\/wp\/v2\/users\/1"}],"replies":[{"embeddable":true,"href":"https:\/\/naturallydifferent.eu\/fr\/wp-json\/wp\/v2\/comments?post=21"}],"version-history":[{"count":86,"href":"https:\/\/naturallydifferent.eu\/fr\/wp-json\/wp\/v2\/pages\/21\/revisions"}],"predecessor-version":[{"id":2503,"href":"https:\/\/naturallydifferent.eu\/fr\/wp-json\/wp\/v2\/pages\/21\/revisions\/2503"}],"wp:attachment":[{"href":"https:\/\/naturallydifferent.eu\/fr\/wp-json\/wp\/v2\/media?parent=21"}],"curies":[{"name":"wp","href":"https:\/\/api.w.org\/{rel}","templated":true}]}}