{"id":1629,"date":"2026-03-11T10:34:52","date_gmt":"2026-03-11T10:34:52","guid":{"rendered":"http:\/\/naturallydifferent.test\/?page_id=1629"},"modified":"2026-03-25T13:12:51","modified_gmt":"2026-03-25T13:12:51","slug":"visionary","status":"publish","type":"page","link":"https:\/\/naturallydifferent.eu\/fr\/business-organizations\/visionary\/","title":{"rendered":"Visionary"},"content":{"rendered":"<div class=\"wp-block-columns nomargin-y nopadding-y is-layout-flex wp-container-core-columns-is-layout-9d6595d7 wp-block-columns-is-layout-flex\">\n<div class=\"wp-block-column nomargin-y nopadding-y is-layout-constrained wp-block-column-is-layout-constrained\">\n<div class=\"wp-block-columns nomargin-y nopadding-y is-layout-flex wp-container-core-columns-is-layout-9d6595d7 wp-block-columns-is-layout-flex\">\n<div class=\"wp-block-column is-layout-flow wp-block-column-is-layout-flow\">\n<div style=\"height:50px\" aria-hidden=\"true\" class=\"wp-block-spacer mobile\"><\/div>\n\n\n\n<h1 class=\"wp-block-heading has-text-align-center nomargin-y has-water-color has-text-color has-link-color has-biro-script-font-family wp-elements-ef60c32812be1dc642da4807b2aec93a\" style=\"font-size:52px\"><strong>Salle de situation<\/strong><\/h1>\n\n\n\n<div style=\"height:35px\" aria-hidden=\"true\" class=\"wp-block-spacer\"><\/div>\n\n\n\n<p>Certaines organisations atteignent un moment o\u00f9 l\u2019am\u00e9lioration ne suffit plus.<\/p>\n\n\n\n<p>Les processus peuvent \u00eatre optimis\u00e9s. Les strat\u00e9gies peuvent \u00eatre r\u00e9\u00e9crites. Et pourtant, quelque chose de plus profond demeure irr\u00e9solu.<\/p>\n\n\n\n<p>L\u2019organisation pressent que la v\u00e9ritable question n\u2019est plus ce qu\u2019il faut faire ensuite, mais la mani\u00e8re dont elle se comprend elle-m\u00eame.<\/p>\n\n\n\n<p>Le parcours <strong>Salle de situation<\/strong> commence \u00e0 cet instant de prise de conscience.<\/p>\n\n\n\n<p>Il s\u2019agit d\u2019un <span style=\"text-decoration: underline;\">parcours d\u2019une ann\u00e9e,<\/span> con\u00e7u pour les \u00e9quipes dirigeantes qui souhaitent explorer leur organisation avec davantage de clart\u00e9 et d\u2019intention.<\/p>\n\n\n\n<p>Le travail commence avec justesse. \u00c0 travers la r\u00e9flexion, le jeu, le dialogue et l\u2019exploration strat\u00e9gique, le leadership construit progressivement les conditions d\u2019une nouvelle forme d\u2019organisation, et le sens pour celles et ceux qui y travaillent, ainsi que pour les clients qu\u2019elle sert.<\/p>\n\n\n\n<p>Puis, un espace physique et d\u00e9di\u00e9 \u00e9merge au c\u0153ur de l\u2019organisation. Une pi\u00e8ce o\u00f9 mod\u00e8les, cartes et conversations r\u00e9v\u00e8lent l\u2019organisation comme un \u00e9cosyst\u00e8me vivant. Un lieu o\u00f9 la strat\u00e9gie ne s\u2019\u00e9crit pas une fois par an, mais se fa\u00e7onne en continu. O\u00f9 les d\u00e9cisions deviennent visibles, les hypoth\u00e8ses sont questionn\u00e9es, et l\u2019imagination est invit\u00e9e \u00e0 guider l\u2019avenir.<\/p>\n\n\n\n<p>Dans cet environnement, les leaders peuvent observer les relations entre le sens, la culture, la strat\u00e9gie et l\u2019action, cartographier l\u2019\u00e9cosyst\u00e8me dans lequel ils \u00e9voluent, imaginer le futur qu\u2019ils souhaitent habiter, et concevoir le chemin qui relie les deux.<\/p>\n\n\n\n<blockquote class=\"wp-block-quote is-layout-flow wp-block-quote-is-layout-flow\">\n<p>Les id\u00e9es se construisent avec les mains.<\/p>\n\n\n\n<p>Les questions s\u2019explorent avec curiosit\u00e9.<\/p>\n\n\n\n<p>Les d\u00e9cisions deviennent plus intentionnelles.<\/p>\n\n\n\n<p>La pi\u00e8ce devient un espace o\u00f9 la r\u00e9flexion n\u2019est pas un luxe, mais une discipline.<\/p>\n<\/blockquote>\n\n\n\n<p>Le travail est rigoureux, humain et profond\u00e9ment collaboratif.<\/p>\n\n\n\n<p>La strat\u00e9gie se construit avec les mains et l\u2019esprit.<\/p>\n\n\n\n<p>Les \u00e9motions sont reconnues comme faisant partie du processus de d\u00e9cision.<\/p>\n\n\n\n<p>Et la r\u00e9ussite client n\u2019est plus abord\u00e9e comme un d\u00e9partement, mais comme la cons\u00e9quence naturelle d\u2019une organisation saine.<\/p>\n\n\n\n<p>\u00c0 l\u2019issue du parcours, l\u2019organisation a cr\u00e9\u00e9 quelque chose de rare:<\/p>\n\n\n\n<blockquote class=\"wp-block-quote is-layout-flow wp-block-quote-is-layout-flow\">\n<p>Un c\u0153ur strat\u00e9gique. Et une nouvelle mani\u00e8re de penser.<\/p>\n<\/blockquote>\n\n\n\n<p>Un lieu o\u00f9 les leaders peuvent revenir chaque fois que l\u2019avenir pose de nouvelles questions. Et o\u00f9 l\u2019organisation se souvient comment penser avec clart\u00e9 le monde qu\u2019elle souhaite contribuer \u00e0 fa\u00e7onner.<\/p>\n\n\n\n<div style=\"height:20px\" aria-hidden=\"true\" class=\"wp-block-spacer\"><\/div>\n<\/div>\n<\/div>\n<\/div>\n<\/div>\n\n\n\n<div style=\"height:50px\" aria-hidden=\"true\" class=\"wp-block-spacer\"><\/div>\n\n\n\n<div class=\"wp-block-columns nomargin-y nopadding-y is-layout-flex wp-container-core-columns-is-layout-9d6595d7 wp-block-columns-is-layout-flex\">\n<div class=\"wp-block-column nomargin-y nopadding-y is-layout-constrained wp-block-column-is-layout-constrained\">\n<div class=\"wp-block-columns nomargin-y nopadding-y is-layout-flex wp-container-core-columns-is-layout-9d6595d7 wp-block-columns-is-layout-flex\">\n<div class=\"wp-block-column is-layout-flow wp-block-column-is-layout-flow\">\n<figure class=\"wp-block-image size-large rounded\"><img loading=\"lazy\" decoding=\"async\" width=\"1024\" height=\"1024\" src=\"https:\/\/naturallydifferent.eu\/wp-content\/uploads\/2026\/03\/Situation-Room-Diagram-1024x1024.png\" alt=\"\" class=\"wp-image-1692\" style=\"box-shadow:var(--wp--preset--shadow--deep);aspect-ratio:4\/3;object-fit:cover\" srcset=\"https:\/\/naturallydifferent.eu\/wp-content\/uploads\/2026\/03\/Situation-Room-Diagram-1024x1024.png 1024w, https:\/\/naturallydifferent.eu\/wp-content\/uploads\/2026\/03\/Situation-Room-Diagram-300x300.png 300w, https:\/\/naturallydifferent.eu\/wp-content\/uploads\/2026\/03\/Situation-Room-Diagram-150x150.png 150w, https:\/\/naturallydifferent.eu\/wp-content\/uploads\/2026\/03\/Situation-Room-Diagram-768x768.png 768w, https:\/\/naturallydifferent.eu\/wp-content\/uploads\/2026\/03\/Situation-Room-Diagram-1536x1536.png 1536w, https:\/\/naturallydifferent.eu\/wp-content\/uploads\/2026\/03\/Situation-Room-Diagram-12x12.png 12w, https:\/\/naturallydifferent.eu\/wp-content\/uploads\/2026\/03\/Situation-Room-Diagram.png 2000w\" sizes=\"auto, (max-width: 1024px) 100vw, 1024px\" \/><\/figure>\n<\/div>\n<\/div>\n<\/div>\n<\/div>\n\n\n\n<div class=\"wp-block-columns nomargin-y nopadding-y is-layout-flex wp-container-core-columns-is-layout-9d6595d7 wp-block-columns-is-layout-flex\">\n<div class=\"wp-block-column nomargin-y nopadding-y is-layout-flow wp-block-column-is-layout-flow\">\n<p class=\"has-text-align-center has-white-color has-water-pastel-background-color has-text-color has-background has-link-color has-biro-script-font-family has-large-font-size wp-elements-e628206919cd2072a777c0e79eb2da2a\"><strong>Certaines questions sur l\u2019avenir m\u00e9ritent un autre type d\u2019espace.<\/strong><\/p>\n<\/div>\n<\/div>\n\n\n\n<div class=\"wp-block-columns is-layout-flex wp-container-core-columns-is-layout-9d6595d7 wp-block-columns-is-layout-flex\">\n<div class=\"wp-block-column nomargin-y nopadding-y is-layout-constrained wp-container-core-column-is-layout-48c9aa2a wp-block-column-is-layout-constrained\">\n<div class=\"wp-block-columns nomargin-y nopadding-y is-layout-flex wp-container-core-columns-is-layout-9d6595d7 wp-block-columns-is-layout-flex\">\n<div class=\"wp-block-column is-layout-flow wp-block-column-is-layout-flow\">\n<h1 class=\"wp-block-heading has-text-align-center nomargin-y has-water-pastel-color has-text-color has-link-color has-biro-script-font-family wp-elements-708499aceda3415cc6ec8ae4a509f934\" style=\"font-size:52px\"><strong>Ce que cela cr\u00e9e<\/strong><\/h1>\n\n\n\n<div style=\"height:35px\" aria-hidden=\"true\" class=\"wp-block-spacer\"><\/div>\n\n\n\n<div class=\"wp-block-columns alignwide are-vertically-aligned-top nomargin-y nopadding-y is-layout-flex wp-container-core-columns-is-layout-9d6595d7 wp-block-columns-is-layout-flex\">\n<div class=\"wp-block-column is-vertically-aligned-top is-layout-flow wp-block-column-is-layout-flow\" style=\"flex-basis:25%\">\n<p><strong>Identit\u00e9 organisationnelle partag\u00e9e<\/strong><\/p>\n<\/div>\n\n\n\n<div class=\"wp-block-column is-vertically-aligned-top is-layout-flow wp-block-column-is-layout-flow\" style=\"flex-basis:25%\">\n<p><strong><strong>Culture \u00e9motionnelle<\/strong><\/strong><\/p>\n<\/div>\n\n\n\n<div class=\"wp-block-column is-vertically-aligned-top is-layout-flow wp-block-column-is-layout-flow\" style=\"flex-basis:25%\">\n<p><strong>Mod\u00e8le de r\u00e9ussite client align\u00e9<\/strong> <strong>avec le sens<\/strong><\/p>\n<\/div>\n\n\n\n<div class=\"wp-block-column is-vertically-aligned-top is-layout-flow wp-block-column-is-layout-flow\" style=\"flex-basis:25%\">\n<p><strong><strong><strong>Transformation guid\u00e9e par des priorit\u00e9s strat\u00e9giques structurantes<\/strong><\/strong><\/strong><\/p>\n<\/div>\n<\/div>\n<\/div>\n<\/div>\n<\/div>\n<\/div>\n\n\n\n<div class=\"wp-block-columns wavy-top offer-desc has-bg-secondary-background-color has-background is-layout-flex wp-container-core-columns-is-layout-9d6595d7 wp-block-columns-is-layout-flex\">\n<div class=\"wp-block-column nomargin-y nopadding-y is-layout-constrained wp-container-core-column-is-layout-48c9aa2a wp-block-column-is-layout-constrained\">\n<div class=\"wp-block-columns nomargin-y nopadding-y is-layout-flex wp-container-core-columns-is-layout-9d6595d7 wp-block-columns-is-layout-flex\">\n<div class=\"wp-block-column is-vertically-aligned-top is-layout-flow wp-block-column-is-layout-flow\">\n<h1 class=\"wp-block-heading has-text-align-center nomargin-y has-water-pastel-color has-text-color has-link-color has-biro-script-font-family wp-elements-0ab700b715878390a13bb5594ff5d22c\" style=\"font-size:52px\"><strong>\u00c0 travers<\/strong><\/h1>\n\n\n\n<div style=\"height:35px\" aria-hidden=\"true\" class=\"wp-block-spacer\"><\/div>\n\n\n\n<div class=\"wp-block-columns alignwide are-vertically-aligned-top nomargin-y nopadding-y is-layout-flex wp-container-core-columns-is-layout-9d6595d7 wp-block-columns-is-layout-flex\">\n<div class=\"wp-block-column is-vertically-aligned-top is-layout-flow wp-block-column-is-layout-flow\" style=\"flex-basis:25%\">\n<h4 class=\"wp-block-heading\"><strong>Alignement du leadership<\/strong><\/h4>\n\n\n\n<p><strong><\/strong>Un parcours en trois modules (PROSPER) permettant au leadership de clarifier l\u2019identit\u00e9, la culture \u00e9motionnelle et l\u2019intention \u00e0 long terme.<\/p>\n<\/div>\n\n\n\n<div class=\"wp-block-column is-vertically-aligned-top is-layout-flow wp-block-column-is-layout-flow\" style=\"flex-basis:25%\">\n<h4 class=\"wp-block-heading\"><strong>Cr\u00e9ation d\u2019une Situation Room<\/strong><\/h4>\n\n\n\n<p><strong><\/strong>Conception et mise en place d\u2019un espace strat\u00e9gique d\u00e9di\u00e9 au sein de l\u2019organisation.<\/p>\n<\/div>\n\n\n\n<div class=\"wp-block-column is-vertically-aligned-top is-layout-flow wp-block-column-is-layout-flow\" style=\"flex-basis:25%\">\n<h4 class=\"wp-block-heading\"><strong>Real-Time Change Lab<\/strong><\/h4>\n\n\n\n<p><strong><\/strong>Une semaine immersive durant laquelle le leadership cartographie collectivement l\u2019\u00e9cosyst\u00e8me actuel, con\u00e7oit celui de demain et d\u00e9finit le chemin strat\u00e9gique entre les deux.<\/p>\n<\/div>\n\n\n\n<div class=\"wp-block-column is-vertically-aligned-top is-layout-flow wp-block-column-is-layout-flow\" style=\"flex-basis:25%\">\n<h4 class=\"wp-block-heading\"><strong>Diffusion culturelle<\/strong><\/h4>\n\n\n\n<p><strong><\/strong>Transmission des supports et des pratiques LEGO\u00ae SERIOUS PLAY\u00ae et Emotional Culture Deck au sein des \u00e9quipes, afin de soutenir l\u2019alignement organisationnel.<\/p>\n<\/div>\n<\/div>\n<\/div>\n<\/div>\n<\/div>\n<\/div>\n\n\n\n<div class=\"wp-block-columns wavy-bottom has-bg-secondary-background-color has-background is-layout-flex wp-container-core-columns-is-layout-9d6595d7 wp-block-columns-is-layout-flex\">\n<div class=\"wp-block-column is-layout-flow wp-block-column-is-layout-flow\">\n<p class=\"has-text-align-center\"><\/p>\n<\/div>\n<\/div>\n\n\n\n<div class=\"wp-block-columns is-layout-flex wp-container-core-columns-is-layout-9d6595d7 wp-block-columns-is-layout-flex\">\n<div class=\"wp-block-column nomargin-y nopadding-y is-layout-constrained wp-block-column-is-layout-constrained\">\n<div class=\"wp-block-columns nomargin-y nopadding-y is-layout-flex wp-container-core-columns-is-layout-9d6595d7 wp-block-columns-is-layout-flex\">\n<div class=\"wp-block-column is-layout-flow wp-block-column-is-layout-flow\">\n<h1 class=\"wp-block-heading has-text-align-center nomargin-y has-water-pastel-color has-text-color has-link-color has-biro-script-font-family wp-elements-2debc240d68e3565e173c9b42ed98732\" style=\"font-size:52px\"><strong>\u00c0 qui cela s\u2019adresse<\/strong><\/h1>\n\n\n\n<div style=\"height:35px\" aria-hidden=\"true\" class=\"wp-block-spacer\"><\/div>\n\n\n\n<ul class=\"wp-block-list\">\n<li>Des organisations pr\u00eates \u00e0 explorer des questions plus profondes sur leur avenir.<\/li>\n\n\n\n<li>Des \u00e9quipes dirigeantes pr\u00eates \u00e0 repenser non seulement ce qu\u2019elles font, mais la mani\u00e8re dont elles pensent ensemble.<\/li>\n\n\n\n<li>Des entreprises qui comprennent que la r\u00e9ussite client est la cons\u00e9quence naturelle d\u2019une organisation saine.<\/li>\n<\/ul>\n<\/div>\n<\/div>\n<\/div>\n<\/div>\n\n\n\n<div class=\"wp-block-columns wavy-top has-bg-secondary-background-color has-background is-layout-flex wp-container-core-columns-is-layout-9d6595d7 wp-block-columns-is-layout-flex\">\n<div class=\"wp-block-column nomargin-y nopadding-y is-layout-constrained wp-container-core-column-is-layout-48c9aa2a wp-block-column-is-layout-constrained\">\n<div class=\"wp-block-columns nomargin-y nopadding-y is-layout-flex wp-container-core-columns-is-layout-9d6595d7 wp-block-columns-is-layout-flex\">\n<div class=\"wp-block-column is-vertically-aligned-top is-layout-flow wp-block-column-is-layout-flow\">\n<h1 class=\"wp-block-heading has-text-align-center nomargin-y has-water-pastel-color has-text-color has-link-color has-biro-script-font-family wp-elements-ce1c67b706fc6760b01b397ccf0da965\" style=\"font-size:52px\"><strong>Comment<\/strong><\/h1>\n\n\n\n<div style=\"height:35px\" aria-hidden=\"true\" class=\"wp-block-spacer\"><\/div>\n\n\n\n<div class=\"wp-block-columns alignwide are-vertically-aligned-top nomargin-y nopadding-y is-layout-flex wp-container-core-columns-is-layout-9d6595d7 wp-block-columns-is-layout-flex\">\n<div class=\"wp-block-column is-vertically-aligned-top is-layout-flow wp-block-column-is-layout-flow\" style=\"flex-basis:25%\">\n<p><strong>Cohorte ex\u00e9cutive<\/strong> <strong>(6 \u00e0 12 participants)<\/strong><\/p>\n<\/div>\n\n\n\n<div class=\"wp-block-column is-vertically-aligned-top is-layout-flow wp-block-column-is-layout-flow\" style=\"flex-basis:25%\">\n<p><strong>Parcours de transformation sur un an<\/strong><\/p>\n<\/div>\n\n\n\n<div class=\"wp-block-column is-vertically-aligned-top is-layout-flow wp-block-column-is-layout-flow\" style=\"flex-basis:25%\">\n<p><strong>Environnement d\u00e9di\u00e9 de type Situation Room<\/strong><\/p>\n<\/div>\n\n\n\n<div class=\"wp-block-column is-vertically-aligned-top is-layout-flow wp-block-column-is-layout-flow\" style=\"flex-basis:25%\">\n<p><strong>Ateliers immersifs et laboratoires strat\u00e9giques<\/strong><\/p>\n<\/div>\n<\/div>\n<\/div>\n<\/div>\n<\/div>\n<\/div>\n\n\n\n<div class=\"wp-block-columns wavy-bottom has-bg-secondary-background-color has-background is-layout-flex wp-container-core-columns-is-layout-9d6595d7 wp-block-columns-is-layout-flex\">\n<div class=\"wp-block-column is-layout-flow wp-block-column-is-layout-flow\">\n<p class=\"has-text-align-center\"><\/p>\n<\/div>\n<\/div>\n\n\n\n<div class=\"wp-block-columns is-layout-flex wp-container-core-columns-is-layout-9d6595d7 wp-block-columns-is-layout-flex\">\n<div class=\"wp-block-column nomargin-y nopadding-y is-layout-constrained wp-block-column-is-layout-constrained\">\n<div class=\"wp-block-columns is-layout-flex wp-container-core-columns-is-layout-9d6595d7 wp-block-columns-is-layout-flex\">\n<div class=\"wp-block-column is-layout-flow wp-block-column-is-layout-flow\" style=\"flex-basis:100%\">\n<p class=\"has-text-align-center has-small-font-size\">Langue d\u2019animation : anglais<\/p>\n\n\n\n<p class=\"has-text-align-center has-small-font-size\"><strong>Investissement<\/strong><br>Communiqu\u00e9 lors de <span style=\"text-decoration: underline;\">l\u2019\u00e9change exploratoire<\/span>.<\/p>\n\n\n\n<div style=\"height:40px\" aria-hidden=\"true\" class=\"wp-block-spacer\"><\/div>\n\n\n\n<p class=\"has-medium-font-size\"><strong>La Situation Room commence par une conversation.<\/strong><\/p>\n\n\n\n<p><strong>Un \u00e9change exploratoire au cours duquel nous abordons l\u2019organisation que vous \u00eates aujourd\u2019hui et celle que vous pressentez pouvoir devenir.<\/strong><\/p>\n\n\n\n<p><strong>\u00c0 partir de l\u00e0, nous d\u00e9terminerons ensemble si ce parcours fait partie de votre chemin.<\/strong><\/p>\n\n\n\n<div style=\"height:25px\" aria-hidden=\"true\" class=\"wp-block-spacer\"><\/div>\n\n\n\n<div class=\"wp-block-buttons is-content-justification-center is-layout-flex wp-container-core-buttons-is-layout-16018d1d wp-block-buttons-is-layout-flex\">\n<div class=\"wp-block-button\"><a class=\"wp-block-button__link has-gray-700-color has-water-pastel-background-color has-text-color has-background has-link-color wp-element-button\" href=\"https:\/\/naturallydifferent.eu\/fr\/contact\/\"><strong>R\u00e9server un \u00e9change exploratoire<\/strong><\/a><\/div>\n<\/div>\n<\/div>\n<\/div>\n<\/div>\n<\/div>\n\n\n\n<p><\/p>","protected":false},"excerpt":{"rendered":"<p>Situation Room Some organizations reach a moment when improvement is no longer enough. Processes can be optimized. Strategies can be rewritten. Yet something deeper remains unresolved. The organization senses that the real question is not what to do next, but how it understands itself. The Situation Room begins at that moment of awareness. It is [&hellip;]<\/p>\n","protected":false},"author":1,"featured_media":0,"parent":19,"menu_order":0,"comment_status":"closed","ping_status":"closed","template":"","meta":{"footnotes":""},"class_list":["post-1629","page","type-page","status-publish","hentry"],"_links":{"self":[{"href":"https:\/\/naturallydifferent.eu\/fr\/wp-json\/wp\/v2\/pages\/1629","targetHints":{"allow":["GET"]}}],"collection":[{"href":"https:\/\/naturallydifferent.eu\/fr\/wp-json\/wp\/v2\/pages"}],"about":[{"href":"https:\/\/naturallydifferent.eu\/fr\/wp-json\/wp\/v2\/types\/page"}],"author":[{"embeddable":true,"href":"https:\/\/naturallydifferent.eu\/fr\/wp-json\/wp\/v2\/users\/1"}],"replies":[{"embeddable":true,"href":"https:\/\/naturallydifferent.eu\/fr\/wp-json\/wp\/v2\/comments?post=1629"}],"version-history":[{"count":63,"href":"https:\/\/naturallydifferent.eu\/fr\/wp-json\/wp\/v2\/pages\/1629\/revisions"}],"predecessor-version":[{"id":2333,"href":"https:\/\/naturallydifferent.eu\/fr\/wp-json\/wp\/v2\/pages\/1629\/revisions\/2333"}],"up":[{"embeddable":true,"href":"https:\/\/naturallydifferent.eu\/fr\/wp-json\/wp\/v2\/pages\/19"}],"wp:attachment":[{"href":"https:\/\/naturallydifferent.eu\/fr\/wp-json\/wp\/v2\/media?parent=1629"}],"curies":[{"name":"wp","href":"https:\/\/api.w.org\/{rel}","templated":true}]}}