{"id":1250,"date":"2026-02-19T11:21:54","date_gmt":"2026-02-19T11:21:54","guid":{"rendered":"http:\/\/naturallydifferent.test\/?page_id=1250"},"modified":"2026-04-14T21:02:13","modified_gmt":"2026-04-14T20:02:13","slug":"cheers-to-living","status":"publish","type":"page","link":"https:\/\/naturallydifferent.eu\/fr\/humans-circles-life-moments\/cheers-to-living\/","title":{"rendered":"Sant\u00e9 \u00e0 la vie"},"content":{"rendered":"<div class=\"wp-block-columns nopadding is-layout-flex wp-container-core-columns-is-layout-9d6595d7 wp-block-columns-is-layout-flex\">\n<div class=\"wp-block-column is-layout-flow wp-block-column-is-layout-flow\">\n<div class=\"wp-block-cover is-light hero-section hero-full-height nopadding nomargin negativemargin-top-xl\" style=\"min-height:80vh;aspect-ratio:unset;\"><video class=\"wp-block-cover__video-background intrinsic-ignore\" autoplay muted loop playsinline src=\"https:\/\/naturallydifferent.eu\/wp-content\/uploads\/2026\/02\/Pick-your-choice.mp4\" style=\"object-position:52% 32%\" data-object-fit=\"cover\" data-object-position=\"52% 32%\"><\/video><span aria-hidden=\"true\" class=\"wp-block-cover__background has-background-dim\" style=\"background-color:#FFF\"><\/span><div class=\"wp-block-cover__inner-container is-layout-constrained wp-block-cover-is-layout-constrained\">\n<h2 class=\"wp-block-heading has-text-align-center nomargin-y has-biro-script-font-family\" style=\"font-size:72px\"><strong><strong>Sant\u00e9 \u00e0 la vie<\/strong><\/strong><\/h2>\n\n\n\n<p class=\"has-text-align-center nomargin-y has-medium-font-size\"><strong><strong><strong>La vie est ici, maintenant.<\/strong><\/strong><\/strong><\/p>\n\n\n\n<div style=\"height:40px\" aria-hidden=\"true\" class=\"wp-block-spacer\"><\/div>\n\n\n\n<div class=\"wp-block-outermost-icon-block items-justified-center\"><a class=\"icon-container\" href=\"#intro\" style=\"width:48px;transform:rotate(0deg) scaleX(1) scaleY(1)\"><svg xmlns=\"http:\/\/www.w3.org\/2000\/svg\" viewbox=\"0 0 24 24\" aria-hidden=\"true\"><path d=\"m16.5 13.5-3.7 3.7V4h-1.5v13.2l-3.8-3.7-1 1 5.5 5.6 5.5-5.6z\"><\/path><\/svg><\/a><\/div>\n<\/div><\/div>\n<\/div>\n<\/div>\n\n\n\n<div class=\"wp-block-columns is-layout-flex wp-container-core-columns-is-layout-9d6595d7 wp-block-columns-is-layout-flex\" id=\"intro\">\n<div class=\"wp-block-column is-layout-constrained wp-block-column-is-layout-constrained\">\n<div class=\"wp-block-columns nopadding is-layout-flex wp-container-core-columns-is-layout-9d6595d7 wp-block-columns-is-layout-flex\">\n<div class=\"wp-block-column is-vertically-aligned-bottom is-layout-flow wp-block-column-is-layout-flow\" style=\"flex-basis:100%\">\n<p><strong>Cheers to Living<\/strong> est notre collection soigneusement con\u00e7ue d\u2019exp\u00e9riences pour les individus, les cercles et les moments de vie, o\u00f9 la c\u00e9l\u00e9bration devient consciente, cr\u00e9ative et g\u00e9n\u00e9ratrice de liens.<\/p>\n\n\n\n<p>De l\u2019honneur rendu aux parcours partag\u00e9s dans les <strong>Anniversaires significatifs<\/strong>, \u00e0 la c\u00e9l\u00e9bration de la pr\u00e9sence et de l\u2019intention \u00e0 travers les <strong>Anniversaires en pleine conscience<\/strong>, \u00e0 tisser l\u2019imaginaire \u00e0 travers les g\u00e9n\u00e9rations avec le <strong>Brick Master Story Game<\/strong>, chaque rencontre est pens\u00e9e comme un rituel vivant.<\/p>\n\n\n\n<p>Ici, les \u00e9motions sont nomm\u00e9es, les histoires sont construites, et la culture est choisie. Non par hasard, mais par intention.<\/p>\n\n\n\n<p>Ancr\u00e9e dans le jeu, la r\u00e9flexion et la chaleur humaine, chaque exp\u00e9rience transforme un jalon en un moment porteur de sens.<\/p>\n\n\n\n<p>Car c\u00e9l\u00e9brer la vie, ce n\u2019est pas seulement se r\u00e9unir, c\u2019est grandir ensemble.<\/p>\n<\/div>\n<\/div>\n<\/div>\n<\/div>\n\n\n\n<div class=\"wp-block-columns wavy-top has-bg-secondary-background-color has-background is-layout-flex wp-container-core-columns-is-layout-9d6595d7 wp-block-columns-is-layout-flex\" id=\"meaningful-anniversary\">\n<div class=\"wp-block-column is-layout-constrained wp-block-column-is-layout-constrained\">\n<div style=\"height:50px;width:0px\" aria-hidden=\"true\" class=\"wp-block-spacer\"><\/div>\n\n\n\n<div class=\"wp-block-group is-content-justification-center is-nowrap is-layout-flex wp-container-core-group-is-layout-94bc23d7 wp-block-group-is-layout-flex\">\n<div class=\"wp-block-columns nopadding nomargin is-layout-flex wp-container-core-columns-is-layout-9d6595d7 wp-block-columns-is-layout-flex\">\n<div class=\"wp-block-column is-layout-flow wp-block-column-is-layout-flow\" style=\"flex-basis:100%\">\n<figure class=\"wp-block-image aligncenter size-full is-resized is-style-rounded\"><img loading=\"lazy\" decoding=\"async\" width=\"1024\" height=\"1024\" src=\"https:\/\/naturallydifferent.eu\/wp-content\/uploads\/2026\/02\/mindful_anniversary.png\" alt=\"\" class=\"wp-image-1410\" style=\"box-shadow:var(--wp--preset--shadow--deep);width:200px\" srcset=\"https:\/\/naturallydifferent.eu\/wp-content\/uploads\/2026\/02\/mindful_anniversary.png 1024w, https:\/\/naturallydifferent.eu\/wp-content\/uploads\/2026\/02\/mindful_anniversary-300x300.png 300w, https:\/\/naturallydifferent.eu\/wp-content\/uploads\/2026\/02\/mindful_anniversary-150x150.png 150w, https:\/\/naturallydifferent.eu\/wp-content\/uploads\/2026\/02\/mindful_anniversary-768x768.png 768w, https:\/\/naturallydifferent.eu\/wp-content\/uploads\/2026\/02\/mindful_anniversary-12x12.png 12w\" sizes=\"auto, (max-width: 1024px) 100vw, 1024px\" \/><\/figure>\n<\/div>\n<\/div>\n<\/div>\n\n\n\n<div class=\"wp-block-group is-content-justification-center is-nowrap is-layout-flex wp-container-core-group-is-layout-94bc23d7 wp-block-group-is-layout-flex\">\n<div class=\"wp-block-columns nopadding nomargin is-layout-flex wp-container-core-columns-is-layout-9d6595d7 wp-block-columns-is-layout-flex\">\n<div class=\"wp-block-column is-layout-flow wp-block-column-is-layout-flow\" style=\"flex-basis:100%\">\n<p class=\"has-text-align-center nomargin-y has-water-color has-text-color has-link-color has-biro-script-font-family wp-elements-05969d325ee2b7310f1c20d30597c602\" style=\"font-size:28px\">C\u00e9l\u00e9brez votre histoire. Choisissez votre prochain chapitre.<\/p>\n\n\n\n<h1 class=\"wp-block-heading has-text-align-center nomargin-y has-water-color has-text-color has-link-color has-x-large-font-size wp-elements-6b8c01dd249e202aa7d4f9cfaef3bd51\"><strong><strong>Anniversaire significatif<\/strong> <\/strong><\/h1>\n<\/div>\n<\/div>\n<\/div>\n\n\n\n<div class=\"wp-block-columns is-layout-flex wp-container-core-columns-is-layout-9d6595d7 wp-block-columns-is-layout-flex\">\n<div class=\"wp-block-column is-layout-flow wp-block-column-is-layout-flow\" style=\"flex-basis:100%\">\n<p>Certaines dates m\u00e9ritent plus qu\u2019un verre. Elles m\u00e9ritent une pause.<\/p>\n\n\n\n<p><strong>Anniversaire significatif<\/strong> est une exp\u00e9rience guid\u00e9e de 3 heures o\u00f9 votre cercle se r\u00e9unit non seulement pour se souvenir, mais pour red\u00e9couvrir ce qui vous unit profond\u00e9ment. \u00c0 travers un langage \u00e9motionnel partag\u00e9, les histoires \u00e9mergent, les perspectives s\u2019approfondissent, et quelque chose de subtil se transforme : la nostalgie devient intention.<\/p>\n\n\n\n<p>Attendez-vous \u00e0 de la chaleur, de la r\u00e9flexion, des rires et un sens renouvel\u00e9 de direction, le tout dans un espace intime et soigneusement pr\u00e9par\u00e9, con\u00e7u pour la pr\u00e9sence et la connexion. Ce n\u2019est pas une th\u00e9rapie. Ce n\u2019est pas un jeu de soir\u00e9e. C\u2019est un moment soigneusement orchestr\u00e9 pour honorer votre parcours et fa\u00e7onner en conscience ce qui vient ensuite.<\/p>\n\n\n\n<p>Pour 9 \u00e0 18 participants, l\u2019exp\u00e9rience inclut une session facilit\u00e9e de 3 heures, l\u2019exclusivit\u00e9 du lieu, un go\u00fbter convivial, un souvenir \u00e0 emporter et une adh\u00e9sion pour prolonger le lien au-del\u00e0 de la journ\u00e9e.<\/p>\n\n\n\n<p>Des options compl\u00e9mentaires incluent un g\u00e2teau d\u2019anniversaire et un Aperitivo italiano. Car les moments porteurs de sens peuvent \u00eatre \u00e0 la fois profonds et savoureux.<\/p>\n<\/div>\n<\/div>\n\n\n\n<div class=\"wp-block-columns rounded has-bg-alternate-background-color has-background is-layout-flex wp-container-core-columns-is-layout-9d6595d7 wp-block-columns-is-layout-flex\">\n<div class=\"wp-block-column is-layout-flow wp-block-column-is-layout-flow\" style=\"flex-basis:100%\">\n<p><strong>Prix fixe \u2014 <span aria-label=\"De 9 \u00e0 18 invit\u00e9s, le prix est le m\u00eame !!!\" data-tooltip-position=\"top\" class=\"inline-tooltips\">9-18 participants<\/span><\/strong><\/p>\n\n\n\n<p><strong>Ce que l\u2019exp\u00e9rience comprend :<\/strong><\/p>\n\n\n\n<ul class=\"wp-block-list\">\n<li>Session de 3 heures<\/li>\n\n\n\n<li><span aria-label=\"Pendant trois heures, l&#039;atelier et le caf\u00e9 vous sont r\u00e9serv\u00e9s, ainsi qu&#039;\u00e0 vos amis.\" data-tooltip-position=\"top\" class=\"inline-tooltips\">Exclusivit\u00e9 du lieu<\/span><\/li>\n\n\n\n<li><span aria-label=\"Pain grill\u00e9 ou sucr\u00e9, Boisson (soda premium ou bi\u00e8re), Fruits de saison\" data-tooltip-position=\"top\" class=\"inline-tooltips\">Go\u00fbter<\/span><\/li>\n\n\n\n<li><span aria-label=\"1 porte-cl\u00e9s Lego\u00ae par invit\u00e9\" data-tooltip-position=\"top\" class=\"inline-tooltips\">\u00c0 garder avec vous<\/span><\/li>\n\n\n\n<li><span aria-label=\"1 Adh\u00e9sion (r\u00e9duction &amp; \u00e9v\u00e9nements chez \u201cUne brick dans le ventre\u201d) d&#039;une valeur de 25 \u20ac - valable 1 an\" data-tooltip-position=\"top\" class=\"inline-tooltips\">1 Adh\u00e9sion<\/span><\/li>\n<\/ul>\n\n\n\n<p><strong>Options suppl\u00e9mentaires<\/strong><\/p>\n\n\n\n<ul class=\"wp-block-list\">\n<li>G\u00e2teau d\u2019anniversaire<\/li>\n\n\n\n<li><span aria-label=\"Aperol Spritz, Assortiment d&#039;entr\u00e9es\" data-tooltip-position=\"top\" class=\"inline-tooltips\">Aperitivo italiano<\/span><\/li>\n<\/ul>\n\n\n\n<p><strong>Options premium :<\/strong><\/p>\n\n\n\n<ul class=\"wp-block-list\">\n<li>Temps suppl\u00e9mentaire (selon disponibilit\u00e9)<\/li>\n\n\n\n<li>Restauration et boissons premium<\/li>\n\n\n\n<li>Souvenirs enrichis \u00e0 emporter<\/li>\n<\/ul>\n\n\n\n<p><strong>Langues :<\/strong><\/p>\n\n\n\n<p>(Anim\u00e9 en fran\u00e7ais) anglais<\/p>\n\n\n\n<div style=\"height:30px\" aria-hidden=\"true\" class=\"wp-block-spacer\"><\/div>\n\n\n\n<p>\u00c0 partir d\u2019un investissement fixe<br><strong>449\u20ac (TTC)<\/strong><\/p>\n\n\n\n<div class=\"wp-block-buttons is-layout-flex wp-block-buttons-is-layout-flex\">\n<div class=\"wp-block-button\"><a class=\"wp-block-button__link wp-element-button\" href=\"https:\/\/naturallydifferent.eu\/fr\/contact\/\">Contactez-nous<\/a><\/div>\n<\/div>\n<\/div>\n<\/div>\n<\/div>\n<\/div>\n\n\n\n<div class=\"wp-block-columns wavy-bottom has-bg-accent-background-color has-background is-layout-flex wp-container-core-columns-is-layout-9d6595d7 wp-block-columns-is-layout-flex\">\n<div class=\"wp-block-column is-layout-flow wp-block-column-is-layout-flow\">\n<p class=\"has-text-align-center\"><\/p>\n<\/div>\n<\/div>\n\n\n\n<div class=\"wp-block-columns wavy-top is-layout-flex wp-container-core-columns-is-layout-9d6595d7 wp-block-columns-is-layout-flex\" id=\"mindful-birthday\">\n<div class=\"wp-block-column is-layout-constrained wp-block-column-is-layout-constrained\">\n<div style=\"height:50px;width:0px\" aria-hidden=\"true\" class=\"wp-block-spacer\"><\/div>\n\n\n\n<div class=\"wp-block-group is-content-justification-center is-nowrap is-layout-flex wp-container-core-group-is-layout-94bc23d7 wp-block-group-is-layout-flex\">\n<div class=\"wp-block-columns nopadding nomargin is-layout-flex wp-container-core-columns-is-layout-9d6595d7 wp-block-columns-is-layout-flex\">\n<div class=\"wp-block-column is-layout-flow wp-block-column-is-layout-flow\" style=\"flex-basis:100%\">\n<figure class=\"wp-block-image aligncenter size-full is-resized is-style-rounded\"><img loading=\"lazy\" decoding=\"async\" width=\"1024\" height=\"1024\" src=\"https:\/\/naturallydifferent.eu\/wp-content\/uploads\/2026\/02\/mindful_birthday.png\" alt=\"\" class=\"wp-image-1411\" style=\"box-shadow:var(--wp--preset--shadow--deep);width:200px\" srcset=\"https:\/\/naturallydifferent.eu\/wp-content\/uploads\/2026\/02\/mindful_birthday.png 1024w, https:\/\/naturallydifferent.eu\/wp-content\/uploads\/2026\/02\/mindful_birthday-300x300.png 300w, https:\/\/naturallydifferent.eu\/wp-content\/uploads\/2026\/02\/mindful_birthday-150x150.png 150w, https:\/\/naturallydifferent.eu\/wp-content\/uploads\/2026\/02\/mindful_birthday-768x768.png 768w, https:\/\/naturallydifferent.eu\/wp-content\/uploads\/2026\/02\/mindful_birthday-12x12.png 12w\" sizes=\"auto, (max-width: 1024px) 100vw, 1024px\" \/><\/figure>\n<\/div>\n<\/div>\n<\/div>\n\n\n\n<div class=\"wp-block-group is-content-justification-center is-nowrap is-layout-flex wp-container-core-group-is-layout-94bc23d7 wp-block-group-is-layout-flex\">\n<div class=\"wp-block-columns nopadding nomargin is-layout-flex wp-container-core-columns-is-layout-9d6595d7 wp-block-columns-is-layout-flex\">\n<div class=\"wp-block-column is-layout-flow wp-block-column-is-layout-flow\" style=\"flex-basis:100%\">\n<p class=\"has-text-align-center nomargin-y has-water-color has-text-color has-link-color has-biro-script-font-family wp-elements-81e3878f64d12a9078e3bd2275cd6cf5\" style=\"font-size:28px\">Un anniversaire, ralenti\u2026 et construit.<\/p>\n\n\n\n<h1 class=\"wp-block-heading has-text-align-center nomargin-y has-water-color has-text-color has-link-color has-x-large-font-size wp-elements-a750aaddfb669205aa107ae8d45d82b3\"><strong><strong>Birthday en pleine conscience<\/strong> <\/strong><\/h1>\n<\/div>\n<\/div>\n<\/div>\n\n\n\n<div class=\"wp-block-columns is-layout-flex wp-container-core-columns-is-layout-9d6595d7 wp-block-columns-is-layout-flex\">\n<div class=\"wp-block-column is-layout-flow wp-block-column-is-layout-flow\" style=\"flex-basis:100%\">\n<p>Un anniversaire, r\u00e9invent\u00e9 comme une pause.<\/p>\n\n\n\n<p>Un cercle d\u2019humains r\u00e9unis non pas autour du bruit, mais autour de l\u2019intention.<\/p>\n\n\n\n<p><strong>Birthday en pleine conscience<\/strong> est une c\u00e9l\u00e9bration raffin\u00e9e de trois heures, o\u00f9 la cr\u00e9ativit\u00e9 rencontre le calme et o\u00f9 chaque invit\u00e9 construit quelque chose de personnel \u00e0 son propre rythme. Sans pr\u00e9cipitation. Sans comp\u00e9tition. Juste de la pr\u00e9sence, de la conversation et la joie discr\u00e8te de cr\u00e9er avec ses mains. Con\u00e7ue pour 5 \u00e0 10 participants, dans un cadre exclusif, intime, chaleureux et sans urgence.<\/p>\n\n\n\n<p>L\u2019exp\u00e9rience inclut une session de 3 heures soigneusement orchestr\u00e9e, un go\u00fbter convivial, un souvenir \u00e0 emporter et une adh\u00e9sion pour prolonger le parcours au-del\u00e0 de la journ\u00e9e.<\/p>\n\n\n\n<p>Enrichissez le moment avec un g\u00e2teau d\u2019anniversaire ou un Aperitivo Italiano. Allez plus loin encore avec du temps suppl\u00e9mentaire, une restauration et des boissons premium, des souvenirs enrichis \u00e0 emporter, ou la possibilit\u00e9 de repartir avec vos sets comme traces durables de l\u2019exp\u00e9rience.<\/p>\n\n\n\n<p>Car parfois, la plus belle mani\u00e8re de c\u00e9l\u00e9brer la vie\u2026 est simplement de la construire, ensemble.<\/p>\n<\/div>\n<\/div>\n\n\n\n<div class=\"wp-block-columns rounded has-bg-alternate-background-color has-background is-layout-flex wp-container-core-columns-is-layout-9d6595d7 wp-block-columns-is-layout-flex\">\n<div class=\"wp-block-column is-layout-flow wp-block-column-is-layout-flow\" style=\"flex-basis:100%\">\n<p><strong>Prix fixe \u2014 <span aria-label=\"De 5 \u00e0 10 invit\u00e9s, le prix est le m\u00eame !!!\" data-tooltip-position=\"top\" class=\"inline-tooltips\">5-10 participants<\/span><\/strong><\/p>\n\n\n\n<p><strong>Ce que l\u2019exp\u00e9rience comprend :<\/strong><\/p>\n\n\n\n<ul class=\"wp-block-list\">\n<li>Session de 3 heures<\/li>\n\n\n\n<li><span aria-label=\"Pendant trois heures, l&#039;atelier et le caf\u00e9 vous sont r\u00e9serv\u00e9s, ainsi qu&#039;\u00e0 vos amis.\" data-tooltip-position=\"top\" class=\"inline-tooltips\">Exclusivit\u00e9 du lieu<\/span><\/li>\n\n\n\n<li><span aria-label=\"Pain grill\u00e9 ou sucr\u00e9, Boisson (soda premium ou bi\u00e8re), Fruits de saison\" data-tooltip-position=\"top\" class=\"inline-tooltips\">Go\u00fbter<\/span><\/li>\n\n\n\n<li><span aria-label=\"1 porte-cl\u00e9s Lego\u00ae par invit\u00e9\" data-tooltip-position=\"top\" class=\"inline-tooltips\">\u00c0 garder avec vous<\/span><\/li>\n\n\n\n<li><span aria-label=\"1 Adh\u00e9sion (r\u00e9duction &amp; \u00e9v\u00e9nements chez \u201cUne brick dans le ventre\u201d) d&#039;une valeur de 25 \u20ac - valable 1 an\" data-tooltip-position=\"top\" class=\"inline-tooltips\">1 Adh\u00e9sion<\/span><\/li>\n<\/ul>\n\n\n\n<p><strong>Options suppl\u00e9mentaires<\/strong><\/p>\n\n\n\n<ul class=\"wp-block-list\">\n<li>G\u00e2teau d\u2019anniversaire<\/li>\n\n\n\n<li><span aria-label=\"Aperol Spritz, Assortiment d&#039;entr\u00e9es\" data-tooltip-position=\"top\" class=\"inline-tooltips\">Aperitivo italiano<\/span><\/li>\n<\/ul>\n\n\n\n<p><strong>Options premium :<\/strong><\/p>\n\n\n\n<ul class=\"wp-block-list\">\n<li>Temps suppl\u00e9mentaire (selon disponibilit\u00e9)<\/li>\n\n\n\n<li>Restauration et boissons premium<\/li>\n\n\n\n<li>Souvenirs enrichis \u00e0 emporter<\/li>\n<\/ul>\n\n\n\n<p><strong>Langues :<\/strong><\/p>\n\n\n\n<p>(Anim\u00e9 en fran\u00e7ais) anglais<\/p>\n\n\n\n<div style=\"height:30px\" aria-hidden=\"true\" class=\"wp-block-spacer\"><\/div>\n\n\n\n<p>\u00c0 partir d\u2019un investissement fixe<br><strong>349\u20ac (TTC)<\/strong><\/p>\n\n\n\n<div class=\"wp-block-buttons is-layout-flex wp-block-buttons-is-layout-flex\">\n<div class=\"wp-block-button\"><a class=\"wp-block-button__link wp-element-button\" href=\"https:\/\/naturallydifferent.eu\/fr\/contact\/\">Contactez-nous<\/a><\/div>\n<\/div>\n<\/div>\n<\/div>\n<\/div>\n<\/div>\n\n\n\n<div class=\"wp-block-columns wavy-top has-bg-secondary-background-color has-background is-layout-flex wp-container-core-columns-is-layout-9d6595d7 wp-block-columns-is-layout-flex\" id=\"brick-master-story-game\">\n<div class=\"wp-block-column is-layout-constrained wp-block-column-is-layout-constrained\">\n<div style=\"height:50px;width:0px\" aria-hidden=\"true\" class=\"wp-block-spacer\"><\/div>\n\n\n\n<div class=\"wp-block-group is-content-justification-center is-nowrap is-layout-flex wp-container-core-group-is-layout-94bc23d7 wp-block-group-is-layout-flex\">\n<div class=\"wp-block-columns nopadding nomargin is-layout-flex wp-container-core-columns-is-layout-9d6595d7 wp-block-columns-is-layout-flex\">\n<div class=\"wp-block-column is-layout-flow wp-block-column-is-layout-flow\" style=\"flex-basis:100%\">\n<figure class=\"wp-block-image aligncenter size-full is-resized is-style-rounded\"><img loading=\"lazy\" decoding=\"async\" width=\"1024\" height=\"1024\" src=\"https:\/\/naturallydifferent.eu\/wp-content\/uploads\/2026\/03\/Bricks-story_ChatGPT-Image-Feb-15-2026-01_38_47-AM.png\" alt=\"\" class=\"wp-image-2068\" style=\"box-shadow:var(--wp--preset--shadow--deep);width:200px\" srcset=\"https:\/\/naturallydifferent.eu\/wp-content\/uploads\/2026\/03\/Bricks-story_ChatGPT-Image-Feb-15-2026-01_38_47-AM.png 1024w, https:\/\/naturallydifferent.eu\/wp-content\/uploads\/2026\/03\/Bricks-story_ChatGPT-Image-Feb-15-2026-01_38_47-AM-300x300.png 300w, https:\/\/naturallydifferent.eu\/wp-content\/uploads\/2026\/03\/Bricks-story_ChatGPT-Image-Feb-15-2026-01_38_47-AM-150x150.png 150w, https:\/\/naturallydifferent.eu\/wp-content\/uploads\/2026\/03\/Bricks-story_ChatGPT-Image-Feb-15-2026-01_38_47-AM-768x768.png 768w, https:\/\/naturallydifferent.eu\/wp-content\/uploads\/2026\/03\/Bricks-story_ChatGPT-Image-Feb-15-2026-01_38_47-AM-12x12.png 12w\" sizes=\"auto, (max-width: 1024px) 100vw, 1024px\" \/><\/figure>\n<\/div>\n<\/div>\n<\/div>\n\n\n\n<div class=\"wp-block-group is-content-justification-center is-nowrap is-layout-flex wp-container-core-group-is-layout-94bc23d7 wp-block-group-is-layout-flex\">\n<div class=\"wp-block-columns nopadding nomargin is-layout-flex wp-container-core-columns-is-layout-9d6595d7 wp-block-columns-is-layout-flex\">\n<div class=\"wp-block-column is-layout-flow wp-block-column-is-layout-flow\" style=\"flex-basis:100%\">\n<p class=\"has-text-align-center nomargin-y has-water-color has-text-color has-link-color has-biro-script-font-family wp-elements-bbaad3bb7f74d96658d6223b5add2797\" style=\"font-size:28px\">L\u00e0 o\u00f9 le jeu devient r\u00e9cit, et le r\u00e9cit devient appartenance.<\/p>\n\n\n\n<h1 class=\"wp-block-heading has-text-align-center nomargin-y has-water-color has-text-color has-link-color has-x-large-font-size wp-elements-8b853d6147fae721e31ce6dd1a40ae9a\"><strong><strong>Brick Master Story Game<\/strong><\/strong><\/h1>\n\n\n\n<p class=\"has-text-align-center\">\u00c9DITION TOUS \u00c2GES<\/p>\n<\/div>\n<\/div>\n<\/div>\n\n\n\n<div class=\"wp-block-columns is-layout-flex wp-container-core-columns-is-layout-9d6595d7 wp-block-columns-is-layout-flex\">\n<div class=\"wp-block-column is-layout-flow wp-block-column-is-layout-flow\" style=\"flex-basis:100%\">\n<p>Version \u00e9volu\u00e9e de notre exp\u00e9rience embl\u00e9matique pour enfants, le <strong>Brick Master Story Game \u2014 \u00c9dition tous \u00e2ges<\/strong> invite les g\u00e9n\u00e9rations \u00e0 se r\u00e9unir autour d\u2019une m\u00eame table pour construire bien plus que des structures : une histoire vivante. \u00c0 travers une imagination guid\u00e9e et des \u00e9changes porteurs de sens, les briques deviennent symboles, les r\u00e9cits deviennent ponts, et chaque participant (du plus jeune au plus sage) fa\u00e7onne la narration.<\/p>\n\n\n\n<p>Attendez-vous \u00e0 des rires, des prises de conscience, des surprises, et \u00e0 cette magie discr\u00e8te qui op\u00e8re lorsque la cr\u00e9ativit\u00e9 dissout les hi\u00e9rarchies. Ce n\u2019est pas simplement un jeu ; c\u2019est une c\u00e9l\u00e9bration raffin\u00e9e du lien, de la m\u00e9moire et de ce qui unit un cercle.<\/p>\n\n\n\n<p>Inclus dans l\u2019exp\u00e9rience : une session exclusive de 3 heures, un go\u00fbter convivial, des \u00e9l\u00e9ments \u00e0 emporter et un acc\u00e8s par adh\u00e9sion.<\/p>\n\n\n\n<p>Ajoutez un g\u00e2teau de c\u00e9l\u00e9bration ou un \u00e9l\u00e9gant Aperitivo Italiano pour enrichir le moment.<\/p>\n\n\n\n<p>Prolongez l\u2019exp\u00e9rience avec du temps suppl\u00e9mentaire (selon disponibilit\u00e9), une restauration et des boissons premium, ou des souvenirs enrichis \u00e0 emporter\u2026 pour celles et ceux qui souhaitent que l\u2019histoire s\u2019inscrive un peu plus longtemps.<\/p>\n<\/div>\n<\/div>\n\n\n\n<div class=\"wp-block-columns rounded has-bg-alternate-background-color has-background is-layout-flex wp-container-core-columns-is-layout-9d6595d7 wp-block-columns-is-layout-flex\">\n<div class=\"wp-block-column is-layout-flow wp-block-column-is-layout-flow\" style=\"flex-basis:100%\">\n<p><strong>Prix fixe \u2014 <span aria-label=\"De 9 \u00e0 18 invit\u00e9s, le prix est le m\u00eame !!!\" data-tooltip-position=\"top\" class=\"inline-tooltips\">9-18 participants<\/span><\/strong><\/p>\n\n\n\n<p><strong>Ce que l\u2019exp\u00e9rience comprend :<\/strong><\/p>\n\n\n\n<ul class=\"wp-block-list\">\n<li>Session de 3 heures<\/li>\n\n\n\n<li><span aria-label=\"Pendant trois heures, l&#039;atelier et le caf\u00e9 vous sont r\u00e9serv\u00e9s, ainsi qu&#039;\u00e0 vos amis.\" data-tooltip-position=\"top\" class=\"inline-tooltips\">Exclusivit\u00e9 du lieu<\/span><\/li>\n\n\n\n<li><span aria-label=\"Pain grill\u00e9 ou sucr\u00e9, Boisson (soda premium ou bi\u00e8re), Fruits de saison\" data-tooltip-position=\"top\" class=\"inline-tooltips\">Go\u00fbter<\/span><\/li>\n\n\n\n<li><span aria-label=\"1 porte-cl\u00e9s Lego\u00ae par invit\u00e9\" data-tooltip-position=\"top\" class=\"inline-tooltips\">\u00c0 garder avec vous<\/span><\/li>\n\n\n\n<li><span aria-label=\"1 Adh\u00e9sion (r\u00e9duction &amp; \u00e9v\u00e9nements chez \u201cUne brick dans le ventre\u201d) d&#039;une valeur de 25 \u20ac - valable 1 an\" data-tooltip-position=\"top\" class=\"inline-tooltips\">1 Adh\u00e9sion<\/span><\/li>\n<\/ul>\n\n\n\n<p><strong>Options suppl\u00e9mentaires<\/strong><\/p>\n\n\n\n<ul class=\"wp-block-list\">\n<li>G\u00e2teau d\u2019anniversaire<\/li>\n\n\n\n<li><span aria-label=\"Aperol Spritz, Assortiment d&#039;entr\u00e9es\" data-tooltip-position=\"top\" class=\"inline-tooltips\">Aperitivo italiano<\/span><\/li>\n<\/ul>\n\n\n\n<p><strong>Options premium :<\/strong><\/p>\n\n\n\n<ul class=\"wp-block-list\">\n<li>Temps suppl\u00e9mentaire (selon disponibilit\u00e9)<\/li>\n\n\n\n<li>Restauration et boissons premium<\/li>\n\n\n\n<li>Souvenirs enrichis \u00e0 emporter<\/li>\n<\/ul>\n\n\n\n<p><strong>Langues :<\/strong><\/p>\n\n\n\n<p>(Anim\u00e9 en fran\u00e7ais) anglais<\/p>\n\n\n\n<div style=\"height:30px\" aria-hidden=\"true\" class=\"wp-block-spacer\"><\/div>\n\n\n\n<p>\u00c0 partir d\u2019un investissement fixe<br><strong>449\u20ac (TTC)<\/strong><\/p>\n\n\n\n<div class=\"wp-block-buttons is-layout-flex wp-block-buttons-is-layout-flex\">\n<div class=\"wp-block-button\"><a class=\"wp-block-button__link wp-element-button\" href=\"https:\/\/naturallydifferent.eu\/fr\/contact\/\">Contactez-nous<\/a><\/div>\n<\/div>\n<\/div>\n<\/div>\n<\/div>\n<\/div>\n\n\n\n<div class=\"wp-block-columns wavy-bottom has-bg-accent-background-color has-background is-layout-flex wp-container-core-columns-is-layout-9d6595d7 wp-block-columns-is-layout-flex\">\n<div class=\"wp-block-column is-layout-flow wp-block-column-is-layout-flow\">\n<p class=\"has-text-align-center\"><\/p>\n<\/div>\n<\/div>","protected":false},"excerpt":{"rendered":"<p>Cheers to Living is our curated collection of experiences for humans, circles, and life moments, where celebration becomes conscious, creative, and connective. From honoring shared journeys in Meaningful Anniversaries, to marking presence and intention through Mindful Birthdays, to weaving imagination across generations with the Brick Master Story Game, each gathering is designed as a living [&hellip;]<\/p>\n","protected":false},"author":1,"featured_media":0,"parent":21,"menu_order":0,"comment_status":"closed","ping_status":"closed","template":"","meta":{"footnotes":""},"class_list":["post-1250","page","type-page","status-publish","hentry"],"_links":{"self":[{"href":"https:\/\/naturallydifferent.eu\/fr\/wp-json\/wp\/v2\/pages\/1250","targetHints":{"allow":["GET"]}}],"collection":[{"href":"https:\/\/naturallydifferent.eu\/fr\/wp-json\/wp\/v2\/pages"}],"about":[{"href":"https:\/\/naturallydifferent.eu\/fr\/wp-json\/wp\/v2\/types\/page"}],"author":[{"embeddable":true,"href":"https:\/\/naturallydifferent.eu\/fr\/wp-json\/wp\/v2\/users\/1"}],"replies":[{"embeddable":true,"href":"https:\/\/naturallydifferent.eu\/fr\/wp-json\/wp\/v2\/comments?post=1250"}],"version-history":[{"count":79,"href":"https:\/\/naturallydifferent.eu\/fr\/wp-json\/wp\/v2\/pages\/1250\/revisions"}],"predecessor-version":[{"id":2601,"href":"https:\/\/naturallydifferent.eu\/fr\/wp-json\/wp\/v2\/pages\/1250\/revisions\/2601"}],"up":[{"embeddable":true,"href":"https:\/\/naturallydifferent.eu\/fr\/wp-json\/wp\/v2\/pages\/21"}],"wp:attachment":[{"href":"https:\/\/naturallydifferent.eu\/fr\/wp-json\/wp\/v2\/media?parent=1250"}],"curies":[{"name":"wp","href":"https:\/\/api.w.org\/{rel}","templated":true}]}}