{"id":1245,"date":"2026-02-19T11:20:18","date_gmt":"2026-02-19T11:20:18","guid":{"rendered":"http:\/\/naturallydifferent.test\/?page_id=1245"},"modified":"2026-04-14T21:03:57","modified_gmt":"2026-04-14T20:03:57","slug":"kids-zone","status":"publish","type":"page","link":"https:\/\/naturallydifferent.eu\/fr\/humans-circles-life-moments\/kids-zone\/","title":{"rendered":"Kids Zone"},"content":{"rendered":"<div class=\"wp-block-columns nopadding is-layout-flex wp-container-core-columns-is-layout-9d6595d7 wp-block-columns-is-layout-flex\">\n<div class=\"wp-block-column is-layout-flow wp-block-column-is-layout-flow\">\n<div class=\"wp-block-cover is-light hero-section hero-full-height nopadding nomargin negativemargin-top-xl\" style=\"min-height:80vh;aspect-ratio:unset;\"><video class=\"wp-block-cover__video-background intrinsic-ignore\" autoplay muted loop playsinline src=\"https:\/\/naturallydifferent.eu\/wp-content\/uploads\/2026\/02\/Explore.mp4\" style=\"object-position:61% 33%\" data-object-fit=\"cover\" data-object-position=\"61% 33%\"><\/video><span aria-hidden=\"true\" class=\"wp-block-cover__background has-background-dim\" style=\"background-color:#FFF\"><\/span><div class=\"wp-block-cover__inner-container is-layout-constrained wp-block-cover-is-layout-constrained\">\n<h2 class=\"wp-block-heading has-text-align-center nomargin-y has-biro-script-font-family\" style=\"font-size:72px\"><strong>Kids Zone<\/strong><\/h2>\n\n\n\n<p class=\"has-text-align-center nomargin-y has-medium-font-size\"><strong>Le jeu. Un plaisir intemporel.<\/strong><\/p>\n\n\n\n<div style=\"height:40px\" aria-hidden=\"true\" class=\"wp-block-spacer\"><\/div>\n\n\n\n<div class=\"wp-block-outermost-icon-block items-justified-center\"><a class=\"icon-container\" href=\"#intro\" style=\"width:48px;transform:rotate(0deg) scaleX(1) scaleY(1)\"><svg xmlns=\"http:\/\/www.w3.org\/2000\/svg\" viewbox=\"0 0 24 24\" aria-hidden=\"true\"><path d=\"m16.5 13.5-3.7 3.7V4h-1.5v13.2l-3.8-3.7-1 1 5.5 5.6 5.5-5.6z\"><\/path><\/svg><\/a><\/div>\n<\/div><\/div>\n<\/div>\n<\/div>\n\n\n\n<div class=\"wp-block-columns is-layout-flex wp-container-core-columns-is-layout-9d6595d7 wp-block-columns-is-layout-flex\" id=\"intro\">\n<div class=\"wp-block-column is-layout-constrained wp-block-column-is-layout-constrained\">\n<div class=\"wp-block-columns nopadding is-layout-flex wp-container-core-columns-is-layout-9d6595d7 wp-block-columns-is-layout-flex\">\n<div class=\"wp-block-column is-vertically-aligned-bottom is-layout-flow wp-block-column-is-layout-flow\" style=\"flex-basis:100%\">\n<p>Dans notre <strong>Kids Zone<\/strong>, l\u2019imaginaire n\u2019est pas un divertissement. C\u2019est une initiation.<\/p>\n\n\n\n<p>\u00c0 travers des constructions dynamiques inspir\u00e9es des briques LEGO\u00ae, les enfants ne se contentent pas de jouer; ils con\u00e7oivent, racontent, collaborent et osent. Qu\u2019il s\u2019agisse de faire courir leurs propres cr\u00e9ations, d\u2019imaginer des structures audacieuses ou de cr\u00e9er des histoires brique apr\u00e8s brique, ils exp\u00e9rimentent la joie de voir une id\u00e9e devenir r\u00e9elle.<\/p>\n\n\n\n<p>La confiance grandit. L\u2019esprit d\u2019\u00e9quipe s\u2019\u00e9veille. La cr\u00e9ativit\u00e9 trouve sa voix.<\/p>\n\n\n\n<p>Ce qui commence comme une c\u00e9l\u00e9bration devient un souvenir puissant: \u00ab Je l\u2019ai construit\u2026 et je peux tout construire. \u00bb<\/p>\n<\/div>\n<\/div>\n<\/div>\n<\/div>\n\n\n\n<div class=\"wp-block-columns offer-tradition wavy-top has-bg-secondary-background-color has-background is-layout-flex wp-container-core-columns-is-layout-9d6595d7 wp-block-columns-is-layout-flex\" id=\"soap-box-race\">\n<div class=\"wp-block-column is-layout-constrained wp-block-column-is-layout-constrained\">\n<div style=\"height:50px\" aria-hidden=\"true\" class=\"wp-block-spacer\"><\/div>\n\n\n\n<div class=\"wp-block-group is-content-justification-center is-nowrap is-layout-flex wp-container-core-group-is-layout-94bc23d7 wp-block-group-is-layout-flex\">\n<figure class=\"wp-block-image alignright size-full is-style-default wp-container-content-b04ba3db\"><img loading=\"lazy\" decoding=\"async\" width=\"867\" height=\"283\" src=\"https:\/\/naturallydifferent.eu\/wp-content\/uploads\/2026\/03\/soap-box.png\" alt=\"\" class=\"wp-image-1755\" style=\"object-fit:cover\" srcset=\"https:\/\/naturallydifferent.eu\/wp-content\/uploads\/2026\/03\/soap-box.png 867w, https:\/\/naturallydifferent.eu\/wp-content\/uploads\/2026\/03\/soap-box-300x98.png 300w, https:\/\/naturallydifferent.eu\/wp-content\/uploads\/2026\/03\/soap-box-768x251.png 768w, https:\/\/naturallydifferent.eu\/wp-content\/uploads\/2026\/03\/soap-box-18x6.png 18w\" sizes=\"auto, (max-width: 867px) 100vw, 867px\" \/><\/figure>\n<\/div>\n\n\n\n<div style=\"height:20px\" aria-hidden=\"true\" class=\"wp-block-spacer\"><\/div>\n\n\n\n<div class=\"wp-block-group is-content-justification-center is-nowrap is-layout-flex wp-container-core-group-is-layout-94bc23d7 wp-block-group-is-layout-flex\">\n<div class=\"wp-block-columns nopadding nomargin is-layout-flex wp-container-core-columns-is-layout-9d6595d7 wp-block-columns-is-layout-flex\">\n<div class=\"wp-block-column is-layout-flow wp-block-column-is-layout-flow\" style=\"flex-basis:100%\">\n<h1 class=\"wp-block-heading has-text-align-center nomargin-y has-vivid-red-color has-text-color has-link-color has-x-large-font-size wp-elements-ee83b5f0aa9f90d9384c5ebdace1cba0\"><strong><strong>Course de caisses \u00e0 savon<\/strong><\/strong> <\/h1>\n\n\n\n<div style=\"height:15px\" aria-hidden=\"true\" class=\"wp-block-spacer\"><\/div>\n\n\n\n<p class=\"has-text-align-center nomargin-y has-black-color has-text-color has-link-color has-biro-script-font-family wp-elements-f3176121a8eb582bb601a5a4acd369e8\" style=\"font-size:28px\">Esprit d\u2019\u00e9quipe + adr\u00e9naline = pur plaisir !<\/p>\n<\/div>\n<\/div>\n<\/div>\n\n\n\n<div class=\"wp-block-columns is-layout-flex wp-container-core-columns-is-layout-9d6595d7 wp-block-columns-is-layout-flex\">\n<div class=\"wp-block-column is-layout-flow wp-block-column-is-layout-flow\" style=\"flex-basis:100%\">\n<p><strong>Pr\u00eat. Partez. Construisez.<\/strong><\/p>\n\n\n\n<p>Dans la <strong>course de caisses \u00e0 savon<\/strong>, les jeunes cr\u00e9ateurs deviennent des inventeurs audacieux, des designers intr\u00e9pides et de fiers champions de leurs propres bolides. Les id\u00e9es fusent, les briques s\u2019assemblent, et soudain l\u2019imaginaire prend des roues. Les \u00e9quipes s\u2019encouragent, les strat\u00e9gies \u00e9voluent, et la derni\u00e8re course sur la piste a des airs de finale de championnat.<\/p>\n\n\n\n<p>C\u2019est rapide. C\u2019est bruyant (dans le bon sens du terme). Et oui\u2026 il y aura des danses de victoire.<\/p>\n\n\n\n<p>Pour les parents, ce sont trois heures stimulantes de cr\u00e9ativit\u00e9 structur\u00e9e, de collaboration et de d\u00e9veloppement de la confiance, dans un cadre exclusif, avec un go\u00fbter gourmand inclus, un souvenir porteur de sens \u00e0 emporter et une adh\u00e9sion pour faire durer l\u2019\u00e9tincelle. Ajoutez un g\u00e2teau d\u2019anniversaire pour un moment h\u00e9ro\u00efque, ou savourez un aperitivo italiano pendant que la nouvelle g\u00e9n\u00e9ration construit sa propre gloire.<\/p>\n\n\n\n<p>Attention : les droits de se vanter pourraient bien durer longtemps apr\u00e8s la ligne d\u2019arriv\u00e9e.<\/p>\n<\/div>\n<\/div>\n\n\n\n<div class=\"wp-block-columns rounded has-bg-alternate-background-color has-background is-layout-flex wp-container-core-columns-is-layout-9d6595d7 wp-block-columns-is-layout-flex\">\n<div class=\"wp-block-column is-layout-flow wp-block-column-is-layout-flow\" style=\"flex-basis:75%\">\n<p><strong>Prix fixe \u2014 <span aria-label=\"De 6 \u00e0 12 enfants, le prix est le m\u00eame !!!\" data-tooltip-position=\"top\" class=\"inline-tooltips\">6 \u00e0 12 participants<\/span><\/strong><\/p>\n\n\n\n<p><strong>Ce que l\u2019exp\u00e9rience comprend :<\/strong><\/p>\n\n\n\n<ul class=\"wp-block-list\">\n<li>Session de 3 heures<\/li>\n\n\n\n<li><span aria-label=\"Pendant trois heures, l&#039;atelier et le caf\u00e9 vous sont r\u00e9serv\u00e9s ainsi qu&#039;\u00e0 vos amis\" data-tooltip-position=\"top\" class=\"inline-tooltips\">Exclusivit\u00e9 du lieu<\/span><\/li>\n\n\n\n<li><span aria-label=\"Toast ou doux, jus, fruits de saison\" data-tooltip-position=\"top\" class=\"inline-tooltips\">Go\u00fbter<\/span><\/li>\n\n\n\n<li><span aria-label=\"1 Minifigurine Lego\u00ae par invit\u00e9\" data-tooltip-position=\"top\" class=\"inline-tooltips\">\u00c0 garder avec vous<\/span><\/li>\n\n\n\n<li><span aria-label=\"1 Adh\u00e9sion (r\u00e9duction &amp; \u00e9v\u00e9nements chez \u201cUne brick dans le ventre\u201d) d&#039;une valeur de 25 \u20ac - valable 1 an\" data-tooltip-position=\"top\" class=\"inline-tooltips\">1 Adh\u00e9sion<\/span><\/li>\n<\/ul>\n\n\n\n<p><strong>Options suppl\u00e9mentaires<\/strong><\/p>\n\n\n\n<ul class=\"wp-block-list\">\n<li>G\u00e2teau d\u2019anniversaire<\/li>\n\n\n\n<li><span aria-label=\"Boisson, Assortiment d&#039;amuse-bouches\" data-tooltip-position=\"top\" class=\"inline-tooltips\">Parenth\u00e8se Playtime pour les parents + Aperitivo italiano<\/span><\/li>\n<\/ul>\n\n\n\n<p><strong>Options premium :<\/strong><\/p>\n\n\n\n<ul class=\"wp-block-list\">\n<li>1 heure suppl\u00e9mentaire (selon disponibilit\u00e9)<\/li>\n\n\n\n<li>Table gourmande (focaccia, pizzette &amp; sodas premium)<\/li>\n\n\n\n<li>Souvenirs enrichis \u00e0 emporter<\/li>\n<\/ul>\n\n\n\n<p><strong>Langues :<\/strong> (Anim\u00e9 en fran\u00e7ais) anglais<\/p>\n\n\n\n<div style=\"height:30px\" aria-hidden=\"true\" class=\"wp-block-spacer\"><\/div>\n\n\n\n<p>\u00c0 partir d\u2019un investissement fixe<br><strong>299\u20ac (TVA incluse)<\/strong><\/p>\n\n\n\n<div class=\"wp-block-buttons is-layout-flex wp-block-buttons-is-layout-flex\">\n<div class=\"wp-block-button\"><a class=\"wp-block-button__link wp-element-button\" href=\"https:\/\/naturallydifferent.eu\/fr\/contact\/\">Contactez-nous<\/a><\/div>\n<\/div>\n<\/div>\n<\/div>\n<\/div>\n<\/div>\n\n\n\n<div class=\"wp-block-columns wavy-bottom has-bg-accent-background-color has-background is-layout-flex wp-container-core-columns-is-layout-9d6595d7 wp-block-columns-is-layout-flex\">\n<div class=\"wp-block-column is-layout-flow wp-block-column-is-layout-flow\">\n<p class=\"has-text-align-center\"><\/p>\n<\/div>\n<\/div>\n\n\n\n<div class=\"wp-block-columns offer-tradition wavy-top is-layout-flex wp-container-core-columns-is-layout-9d6595d7 wp-block-columns-is-layout-flex\" id=\"just-build-it\">\n<div class=\"wp-block-column is-layout-constrained wp-block-column-is-layout-constrained\">\n<div style=\"height:25px\" aria-hidden=\"true\" class=\"wp-block-spacer\"><\/div>\n\n\n\n<div class=\"wp-block-group is-content-justification-center is-nowrap is-layout-flex wp-container-core-group-is-layout-94bc23d7 wp-block-group-is-layout-flex\">\n<figure class=\"wp-block-image alignright size-full is-style-default wp-container-content-b04ba3db\"><img loading=\"lazy\" decoding=\"async\" width=\"1732\" height=\"1732\" src=\"https:\/\/naturallydifferent.eu\/wp-content\/uploads\/2026\/02\/creativity.jpg\" alt=\"\" class=\"wp-image-1219\" style=\"object-fit:cover\" srcset=\"https:\/\/naturallydifferent.eu\/wp-content\/uploads\/2026\/02\/creativity.jpg 1732w, https:\/\/naturallydifferent.eu\/wp-content\/uploads\/2026\/02\/creativity-300x300.jpg 300w, https:\/\/naturallydifferent.eu\/wp-content\/uploads\/2026\/02\/creativity-1024x1024.jpg 1024w, https:\/\/naturallydifferent.eu\/wp-content\/uploads\/2026\/02\/creativity-150x150.jpg 150w, https:\/\/naturallydifferent.eu\/wp-content\/uploads\/2026\/02\/creativity-768x768.jpg 768w, https:\/\/naturallydifferent.eu\/wp-content\/uploads\/2026\/02\/creativity-1536x1536.jpg 1536w, https:\/\/naturallydifferent.eu\/wp-content\/uploads\/2026\/02\/creativity-12x12.jpg 12w\" sizes=\"auto, (max-width: 1732px) 100vw, 1732px\" \/><\/figure>\n<\/div>\n\n\n\n<div class=\"wp-block-group is-content-justification-center is-nowrap is-layout-flex wp-container-core-group-is-layout-94bc23d7 wp-block-group-is-layout-flex\">\n<div class=\"wp-block-columns nopadding nomargin is-layout-flex wp-container-core-columns-is-layout-9d6595d7 wp-block-columns-is-layout-flex\">\n<div class=\"wp-block-column is-layout-flow wp-block-column-is-layout-flow\" style=\"flex-basis:100%\">\n<h1 class=\"wp-block-heading has-text-align-center nomargin-y has-vivid-red-color has-text-color has-link-color has-x-large-font-size wp-elements-6a9894a284bdbaac8bf1ba44206c561a\"><strong>Construisez-le !<\/strong><\/h1>\n\n\n\n<div style=\"height:15px\" aria-hidden=\"true\" class=\"wp-block-spacer\"><\/div>\n\n\n\n<p class=\"has-text-align-center nomargin-y has-black-color has-text-color has-link-color has-biro-script-font-family wp-elements-729f586b2970ebb41e65667fa9dc32f5\" style=\"font-size:28px\">D\u00e9fis rapides. Id\u00e9es audacieuses. Constructions \u00e9piques.<\/p>\n<\/div>\n<\/div>\n<\/div>\n\n\n\n<div class=\"wp-block-columns is-layout-flex wp-container-core-columns-is-layout-9d6595d7 wp-block-columns-is-layout-flex\">\n<div class=\"wp-block-column is-layout-flow wp-block-column-is-layout-flow\" style=\"flex-basis:100%\">\n<p>Pr\u00eat \u00e0 entrer dans un monde o\u00f9 vos id\u00e9es r\u00e8gnent et o\u00f9 les briques deviennent tout ce que vous imaginez ?<\/p>\n\n\n\n<p><strong>Just Build It!<\/strong> est une aventure cr\u00e9ative de 3 heures, rythm\u00e9e par des d\u00e9fis audacieux, des constructions rapides, des \u00e9preuves de m\u00e9moire, des rebondissements \u00e9piques et une multitude de moments \u00ab Wahou, c\u2019est toi qui as fait \u00c7A ?! \u00bb.<\/p>\n\n\n\n<p>Vous formerez des \u00e9quipes, vous challengerez (juste ce qu\u2019il faut), imaginerez des cr\u00e9ations audacieuses et verrez vos id\u00e9es prendre vie d\u2019une mani\u00e8re que vous n\u2019aviez pas anticip\u00e9e.<\/p>\n\n\n\n<p>Il y a des moments pour se concentrer comme un strat\u00e8ge, des moments pour rire sans retenue, et des moments pour construire tout ce que votre imagination peut inventer.<\/p>\n\n\n\n<p>Pour 6 \u00e0 12 constructeurs, l\u2019exp\u00e9rience inclut un acc\u00e8s exclusif au lieu, un go\u00fbter, une surprise \u00e0 emporter et une adh\u00e9sion pour faire durer l\u2019esprit de construction.<\/p>\n\n\n\n<p>Envie de passer au niveau sup\u00e9rieur ? Ajoutez un g\u00e2teau d\u2019anniversaire, et offrez aux parents l\u2019occasion de se d\u00e9tendre \u00e0 proximit\u00e9 avec un moment Aperitivo Italiano + Playtime (oui, eux aussi ont droit \u00e0 leur part de plaisir).<\/p>\n\n\n\n<p>Les enfants repartent fiers. Les parents repartent impressionn\u00e9s.<\/p>\n\n\n\n<p>Et tout le monde repart avec une question : \u00ab Quand est-ce qu\u2019on recommence \u00e0 construire ? \u00bb<\/p>\n<\/div>\n<\/div>\n\n\n\n<div class=\"wp-block-columns rounded has-bg-alternate-background-color has-background is-layout-flex wp-container-core-columns-is-layout-9d6595d7 wp-block-columns-is-layout-flex\">\n<div class=\"wp-block-column is-layout-flow wp-block-column-is-layout-flow\" style=\"flex-basis:100%\">\n<p><strong>Prix fixe \u2014 <span aria-label=\"De 6 \u00e0 12 enfants, le prix est le m\u00eame !!!\" data-tooltip-position=\"top\" class=\"inline-tooltips\">6 \u00e0 12 participants<\/span><\/strong><\/p>\n\n\n\n<p><strong>Ce que l\u2019exp\u00e9rience comprend :<\/strong><\/p>\n\n\n\n<ul class=\"wp-block-list\">\n<li>Session de 3 heures<\/li>\n\n\n\n<li><span aria-label=\"Pendant trois heures, l&#039;atelier et le caf\u00e9 vous sont r\u00e9serv\u00e9s ainsi qu&#039;\u00e0 vos amis\" data-tooltip-position=\"top\" class=\"inline-tooltips\">Exclusivit\u00e9 du lieu<\/span><\/li>\n\n\n\n<li><span aria-label=\"Toast ou doux, jus, fruits de saison\" data-tooltip-position=\"top\" class=\"inline-tooltips\">Go\u00fbter<\/span><\/li>\n\n\n\n<li><span aria-label=\"1 Minifigurine Lego\u00ae par invit\u00e9\" data-tooltip-position=\"top\" class=\"inline-tooltips\">\u00c0 garder avec vous<\/span><\/li>\n\n\n\n<li><span aria-label=\"1 Adh\u00e9sion (r\u00e9duction &amp; \u00e9v\u00e9nements chez \u201cUne brick dans le ventre\u201d) d&#039;une valeur de 25 \u20ac - valable 1 an\" data-tooltip-position=\"top\" class=\"inline-tooltips\">1 Adh\u00e9sion<\/span><\/li>\n<\/ul>\n\n\n\n<p><strong>Options suppl\u00e9mentaires<\/strong><\/p>\n\n\n\n<ul class=\"wp-block-list\">\n<li>G\u00e2teau d\u2019anniversaire<\/li>\n\n\n\n<li><span aria-label=\"Boisson, Assortiment d&#039;amuse-bouches\" data-tooltip-position=\"top\" class=\"inline-tooltips\">Parenth\u00e8se Playtime pour les parents + Aperitivo italiano<\/span><\/li>\n<\/ul>\n\n\n\n<p><strong>Options premium :<\/strong><\/p>\n\n\n\n<ul class=\"wp-block-list\">\n<li>1 heure suppl\u00e9mentaire (selon disponibilit\u00e9)<\/li>\n\n\n\n<li>Table gourmande (focaccia, pizzette &amp; sodas premium)<\/li>\n\n\n\n<li>Souvenirs enrichis \u00e0 emporter<\/li>\n<\/ul>\n\n\n\n<p><strong>Langues :<\/strong> (Anim\u00e9 en fran\u00e7ais) anglais<\/p>\n\n\n\n<div style=\"height:30px\" aria-hidden=\"true\" class=\"wp-block-spacer\"><\/div>\n\n\n\n<p>\u00c0 partir d\u2019un investissement fixe<br><strong>299\u20ac (TVA incluse)<\/strong><\/p>\n\n\n\n<div class=\"wp-block-buttons is-layout-flex wp-block-buttons-is-layout-flex\">\n<div class=\"wp-block-button\"><a class=\"wp-block-button__link wp-element-button\" href=\"https:\/\/naturallydifferent.eu\/fr\/contact\/\">Contactez-nous<\/a><\/div>\n<\/div>\n<\/div>\n<\/div>\n<\/div>\n<\/div>\n\n\n\n<div class=\"wp-block-columns offer-tradition wavy-top has-bg-secondary-background-color has-background is-layout-flex wp-container-core-columns-is-layout-9d6595d7 wp-block-columns-is-layout-flex\" id=\"brick-master-story-game\">\n<div class=\"wp-block-column is-layout-constrained wp-block-column-is-layout-constrained\">\n<div style=\"height:25px\" aria-hidden=\"true\" class=\"wp-block-spacer\"><\/div>\n\n\n\n<div class=\"wp-block-group is-content-justification-center is-nowrap is-layout-flex wp-container-core-group-is-layout-94bc23d7 wp-block-group-is-layout-flex\">\n<figure class=\"wp-block-image alignright size-full is-style-default wp-container-content-b04ba3db\"><img loading=\"lazy\" decoding=\"async\" width=\"650\" height=\"630\" src=\"https:\/\/naturallydifferent.eu\/wp-content\/uploads\/2026\/03\/brickmaster-transparent.png\" alt=\"\" class=\"wp-image-1757\" style=\"object-fit:cover\" srcset=\"https:\/\/naturallydifferent.eu\/wp-content\/uploads\/2026\/03\/brickmaster-transparent.png 650w, https:\/\/naturallydifferent.eu\/wp-content\/uploads\/2026\/03\/brickmaster-transparent-300x291.png 300w, https:\/\/naturallydifferent.eu\/wp-content\/uploads\/2026\/03\/brickmaster-transparent-12x12.png 12w\" sizes=\"auto, (max-width: 650px) 100vw, 650px\" \/><\/figure>\n<\/div>\n\n\n\n<div style=\"height:20px\" aria-hidden=\"true\" class=\"wp-block-spacer\"><\/div>\n\n\n\n<div class=\"wp-block-group is-content-justification-center is-nowrap is-layout-flex wp-container-core-group-is-layout-94bc23d7 wp-block-group-is-layout-flex\">\n<div class=\"wp-block-columns nopadding nomargin is-layout-flex wp-container-core-columns-is-layout-9d6595d7 wp-block-columns-is-layout-flex\">\n<div class=\"wp-block-column is-layout-flow wp-block-column-is-layout-flow\" style=\"flex-basis:100%\">\n<h1 class=\"wp-block-heading has-text-align-center nomargin-y has-vivid-red-color has-text-color has-link-color has-x-large-font-size wp-elements-c6763cdbcf1ebdfc9c442868c6c40ef7\"><strong>Brick Master Story Game<\/strong><\/h1>\n\n\n\n<div style=\"height:15px\" aria-hidden=\"true\" class=\"wp-block-spacer\"><\/div>\n\n\n\n<p class=\"has-text-align-center nomargin-y has-black-color has-text-color has-link-color has-biro-script-font-family wp-elements-6a157d2dce34045172270141f90dc62e\" style=\"font-size:28px\">L\u00e0 o\u00f9 la cr\u00e9ativit\u00e9 construit le monde. Et o\u00f9 l\u2019imagination lui donne vie.<\/p>\n<\/div>\n<\/div>\n<\/div>\n\n\n\n<div class=\"wp-block-columns is-layout-flex wp-container-core-columns-is-layout-9d6595d7 wp-block-columns-is-layout-flex\">\n<div class=\"wp-block-column is-layout-flow wp-block-column-is-layout-flow\" style=\"flex-basis:100%\">\n<p>Pr\u00eat \u00e0 construire une histoire que personne n\u2019a encore jamais vue ? Dans le <strong>Brick Master Story Game<\/strong>, vous ne vous contentez pas de jouer\u2026 vous devenez le cr\u00e9ateur de votre propre aventure \u00e9pique. H\u00e9ros, pouvoirs secrets, rebondissements inattendus\u2026 et un monde qui n\u2019existe que parce que vous l\u2019avez imagin\u00e9.<\/p>\n\n\n\n<p>Pendant trois heures inoubliables, 6 \u00e0 12 ma\u00eetres constructeurs plongent dans un univers de cr\u00e9ativit\u00e9, de collaboration et juste ce qu\u2019il faut de suspense dramatique. Avec des \u00e9clats de rire, de grandes id\u00e9es et des moments \u00ab attends\u2026 QUOI ?! \u00bb tout au long du parcours.<\/p>\n\n\n\n<p>L\u2019exp\u00e9rience inclut l\u2019usage exclusif du lieu, une session de 3 heures enti\u00e8rement anim\u00e9e, un go\u00fbter, une surprise sp\u00e9ciale \u00e0 emporter, ainsi qu\u2019une adh\u00e9sion pour prolonger l\u2019inspiration.<\/p>\n\n\n\n<p>Et oui, un g\u00e2teau d\u2019anniversaire ainsi qu\u2019un moment Aperitivo Italiano + Playtime pour les parents peuvent \u00eatre ajout\u00e9s (car les grandes histoires m\u00e9ritent de belles c\u00e9l\u00e9brations\u2026 pour les adultes aussi).<\/p>\n\n\n\n<p>Les enfants repartent avec un sentiment de l\u00e9gende. Les parents repartent en se disant : \u00ab C\u2019\u00e9tait vraiment porteur de sens. \u00bb<\/p>\n<\/div>\n<\/div>\n\n\n\n<div class=\"wp-block-columns rounded has-bg-alternate-background-color has-background is-layout-flex wp-container-core-columns-is-layout-9d6595d7 wp-block-columns-is-layout-flex\">\n<div class=\"wp-block-column is-layout-flow wp-block-column-is-layout-flow\" style=\"flex-basis:100%\">\n<p><strong>Prix fixe \u2014 <span aria-label=\"De 6 \u00e0 12 enfants, le prix est le m\u00eame !!!\" data-tooltip-position=\"top\" class=\"inline-tooltips\">6 \u00e0 12 participants<\/span><\/strong><\/p>\n\n\n\n<p><strong>Ce que l\u2019exp\u00e9rience comprend :<\/strong><\/p>\n\n\n\n<ul class=\"wp-block-list\">\n<li>Session de 3 heures<\/li>\n\n\n\n<li><span aria-label=\"Pendant trois heures, l&#039;atelier et le caf\u00e9 vous sont r\u00e9serv\u00e9s ainsi qu&#039;\u00e0 vos amis\" data-tooltip-position=\"top\" class=\"inline-tooltips\">Exclusivit\u00e9 du lieu<\/span><\/li>\n\n\n\n<li><span aria-label=\"Toast ou doux, jus, fruits de saison\" data-tooltip-position=\"top\" class=\"inline-tooltips\">Go\u00fbter<\/span><\/li>\n\n\n\n<li><span aria-label=\"1 Minifigurine Lego\u00ae par invit\u00e9\" data-tooltip-position=\"top\" class=\"inline-tooltips\">\u00c0 garder avec vous<\/span><\/li>\n\n\n\n<li><span aria-label=\"1 Adh\u00e9sion (r\u00e9duction &amp; \u00e9v\u00e9nements chez \u201cUne brick dans le ventre\u201d) d&#039;une valeur de 25 \u20ac - valable 1 an\" data-tooltip-position=\"top\" class=\"inline-tooltips\">1 Adh\u00e9sion<\/span><\/li>\n<\/ul>\n\n\n\n<p><strong>Options suppl\u00e9mentaires<\/strong><\/p>\n\n\n\n<ul class=\"wp-block-list\">\n<li>G\u00e2teau d\u2019anniversaire<\/li>\n\n\n\n<li><span aria-label=\"Boisson, Assortiment d&#039;amuse-bouches\" data-tooltip-position=\"top\" class=\"inline-tooltips\">Parenth\u00e8se Playtime pour les parents + Aperitivo italiano<\/span><\/li>\n<\/ul>\n\n\n\n<p><strong>Options premium :<\/strong><\/p>\n\n\n\n<ul class=\"wp-block-list\">\n<li>1 heure suppl\u00e9mentaire (selon disponibilit\u00e9)<\/li>\n\n\n\n<li>Table gourmande (focaccia, pizzette &amp; sodas premium)<\/li>\n\n\n\n<li>Souvenirs enrichis \u00e0 emporter<\/li>\n<\/ul>\n\n\n\n<p><strong>Langues :<\/strong> (Anim\u00e9 en fran\u00e7ais) anglais<\/p>\n\n\n\n<div style=\"height:30px\" aria-hidden=\"true\" class=\"wp-block-spacer\"><\/div>\n\n\n\n<p>\u00c0 partir d\u2019un investissement fixe<br><strong>299\u20ac (TVA incluse)<\/strong><\/p>\n\n\n\n<div class=\"wp-block-buttons is-layout-flex wp-block-buttons-is-layout-flex\">\n<div class=\"wp-block-button\"><a class=\"wp-block-button__link wp-element-button\" href=\"https:\/\/naturallydifferent.eu\/fr\/contact\/\">Contactez-nous<\/a><\/div>\n<\/div>\n<\/div>\n<\/div>\n<\/div>\n<\/div>\n\n\n\n<div class=\"wp-block-columns wavy-bottom has-bg-accent-background-color has-background is-layout-flex wp-container-core-columns-is-layout-9d6595d7 wp-block-columns-is-layout-flex\">\n<div class=\"wp-block-column is-layout-flow wp-block-column-is-layout-flow\">\n<p class=\"has-text-align-center\"><\/p>\n<\/div>\n<\/div>","protected":false},"excerpt":{"rendered":"<p>In our Kids Zone, imagination is not entertainment. It is initiation. Through dynamic builds inspired by LEGO\u00ae bricks, children don\u2019t just play; they design, narrate, collaborate, and dare. Whether racing their own creations, inventing bold structures, or crafting stories brick by brick, they experience the thrill of seeing an idea become real. Confidence grows. Team [&hellip;]<\/p>\n","protected":false},"author":1,"featured_media":0,"parent":21,"menu_order":0,"comment_status":"closed","ping_status":"closed","template":"","meta":{"footnotes":""},"class_list":["post-1245","page","type-page","status-publish","hentry"],"_links":{"self":[{"href":"https:\/\/naturallydifferent.eu\/fr\/wp-json\/wp\/v2\/pages\/1245","targetHints":{"allow":["GET"]}}],"collection":[{"href":"https:\/\/naturallydifferent.eu\/fr\/wp-json\/wp\/v2\/pages"}],"about":[{"href":"https:\/\/naturallydifferent.eu\/fr\/wp-json\/wp\/v2\/types\/page"}],"author":[{"embeddable":true,"href":"https:\/\/naturallydifferent.eu\/fr\/wp-json\/wp\/v2\/users\/1"}],"replies":[{"embeddable":true,"href":"https:\/\/naturallydifferent.eu\/fr\/wp-json\/wp\/v2\/comments?post=1245"}],"version-history":[{"count":140,"href":"https:\/\/naturallydifferent.eu\/fr\/wp-json\/wp\/v2\/pages\/1245\/revisions"}],"predecessor-version":[{"id":2602,"href":"https:\/\/naturallydifferent.eu\/fr\/wp-json\/wp\/v2\/pages\/1245\/revisions\/2602"}],"up":[{"embeddable":true,"href":"https:\/\/naturallydifferent.eu\/fr\/wp-json\/wp\/v2\/pages\/21"}],"wp:attachment":[{"href":"https:\/\/naturallydifferent.eu\/fr\/wp-json\/wp\/v2\/media?parent=1245"}],"curies":[{"name":"wp","href":"https:\/\/api.w.org\/{rel}","templated":true}]}}